{"id":1577,"date":"2021-01-04T17:13:38","date_gmt":"2021-01-04T16:13:38","guid":{"rendered":"http:\/\/entwicklung.noramco.de\/?page_id=1577"},"modified":"2025-07-25T10:16:26","modified_gmt":"2025-07-25T09:16:26","slug":"kontakt","status":"publish","type":"page","link":"https:\/\/www.noramco.de\/index.php\/kontakt\/","title":{"rendered":"Kontakt"},"content":{"rendered":"\t\t<div data-elementor-type=\"wp-page\" data-elementor-id=\"1577\" class=\"elementor elementor-1577\">\n\t\t\t\t\t\t<section class=\"elementor-section elementor-top-section elementor-element elementor-element-47dcd0c9 elementor-section-boxed elementor-section-height-default elementor-section-height-default\" data-id=\"47dcd0c9\" data-element_type=\"section\" data-e-type=\"section\">\n\t\t\t\t\t\t<div class=\"elementor-container elementor-column-gap-default\">\n\t\t\t\t\t<div class=\"elementor-column elementor-col-100 elementor-top-column elementor-element elementor-element-5e307f05\" data-id=\"5e307f05\" data-element_type=\"column\" data-e-type=\"column\">\n\t\t\t<div class=\"elementor-widget-wrap elementor-element-populated\">\n\t\t\t\t\t\t<div class=\"elementor-element elementor-element-3395c46b elementor-widget elementor-widget-image\" data-id=\"3395c46b\" data-element_type=\"widget\" data-e-type=\"widget\" data-widget_type=\"image.default\">\n\t\t\t\t<div class=\"elementor-widget-container\">\n\t\t\t\t\t\t\t\t\t\t\t\t\t\t\t<img fetchpriority=\"high\" decoding=\"async\" width=\"2560\" height=\"800\" src=\"https:\/\/www.noramco.de\/wp-content\/uploads\/2021\/01\/pexels-telefon-pixabay-163007_2-scaled.jpg\" class=\"attachment-full size-full wp-image-1579\" alt=\"\" srcset=\"https:\/\/www.noramco.de\/wp-content\/uploads\/2021\/01\/pexels-telefon-pixabay-163007_2-scaled.jpg 2560w, https:\/\/www.noramco.de\/wp-content\/uploads\/2021\/01\/pexels-telefon-pixabay-163007_2-300x94.jpg 300w, https:\/\/www.noramco.de\/wp-content\/uploads\/2021\/01\/pexels-telefon-pixabay-163007_2-1024x320.jpg 1024w, https:\/\/www.noramco.de\/wp-content\/uploads\/2021\/01\/pexels-telefon-pixabay-163007_2-768x240.jpg 768w, https:\/\/www.noramco.de\/wp-content\/uploads\/2021\/01\/pexels-telefon-pixabay-163007_2-1536x480.jpg 1536w, https:\/\/www.noramco.de\/wp-content\/uploads\/2021\/01\/pexels-telefon-pixabay-163007_2-2048x640.jpg 2048w, https:\/\/www.noramco.de\/wp-content\/uploads\/2021\/01\/pexels-telefon-pixabay-163007_2-600x188.jpg 600w\" sizes=\"(max-width: 2560px) 100vw, 2560px\" \/>\t\t\t\t\t\t\t\t\t\t\t\t\t\t\t<\/div>\n\t\t\t\t<\/div>\n\t\t\t\t\t<\/div>\n\t\t<\/div>\n\t\t\t\t\t<\/div>\n\t\t<\/section>\n\t\t\t\t<section class=\"elementor-section elementor-top-section elementor-element elementor-element-49d406de elementor-section-boxed elementor-section-height-default elementor-section-height-default\" data-id=\"49d406de\" data-element_type=\"section\" data-e-type=\"section\">\n\t\t\t\t\t\t<div class=\"elementor-container elementor-column-gap-default\">\n\t\t\t\t\t<div class=\"elementor-column elementor-col-100 elementor-top-column elementor-element elementor-element-4bb7133f\" data-id=\"4bb7133f\" data-element_type=\"column\" data-e-type=\"column\">\n\t\t\t<div class=\"elementor-widget-wrap elementor-element-populated\">\n\t\t\t\t\t\t<div class=\"elementor-element elementor-element-52a89b0a elementor-widget elementor-widget-heading\" data-id=\"52a89b0a\" data-element_type=\"widget\" data-e-type=\"widget\" data-widget_type=\"heading.default\">\n\t\t\t\t<div class=\"elementor-widget-container\">\n\t\t\t\t\t<h1 class=\"elementor-heading-title elementor-size-default\">Kontakt<\/h1>\t\t\t\t<\/div>\n\t\t\t\t<\/div>\n\t\t\t\t<div class=\"elementor-element elementor-element-6176fbf elementor-widget elementor-widget-text-editor\" data-id=\"6176fbf\" data-element_type=\"widget\" data-e-type=\"widget\" data-widget_type=\"text-editor.default\">\n\t\t\t\t<div class=\"elementor-widget-container\">\n\t\t\t\t\t\t\t\t\t<p>So erreichen Sie die NORAMCO:<\/p>\t\t\t\t\t\t\t\t<\/div>\n\t\t\t\t<\/div>\n\t\t\t\t<section class=\"elementor-section elementor-inner-section elementor-element elementor-element-18b12a0 elementor-section-boxed elementor-section-height-default elementor-section-height-default\" data-id=\"18b12a0\" data-element_type=\"section\" data-e-type=\"section\">\n\t\t\t\t\t\t<div class=\"elementor-container elementor-column-gap-default\">\n\t\t\t\t\t<div class=\"elementor-column elementor-col-33 elementor-inner-column elementor-element elementor-element-0329815\" data-id=\"0329815\" data-element_type=\"column\" data-e-type=\"column\">\n\t\t\t<div class=\"elementor-widget-wrap elementor-element-populated\">\n\t\t\t\t\t\t<div class=\"elementor-element elementor-element-710099d elementor-view-default elementor-widget elementor-widget-icon\" data-id=\"710099d\" data-element_type=\"widget\" data-e-type=\"widget\" data-widget_type=\"icon.default\">\n\t\t\t\t<div class=\"elementor-widget-container\">\n\t\t\t\t\t\t\t<div class=\"elementor-icon-wrapper\">\n\t\t\t<div class=\"elementor-icon\">\n\t\t\t<i aria-hidden=\"true\" class=\"fas fa-phone\"><\/i>\t\t\t<\/div>\n\t\t<\/div>\n\t\t\t\t\t\t<\/div>\n\t\t\t\t<\/div>\n\t\t\t\t<div class=\"elementor-element elementor-element-1bfbe4f elementor-widget elementor-widget-text-editor\" data-id=\"1bfbe4f\" data-element_type=\"widget\" data-e-type=\"widget\" data-widget_type=\"text-editor.default\">\n\t\t\t\t<div class=\"elementor-widget-container\">\n\t\t\t\t\t\t\t\t\t<p>+49 (0) 651 \u2013 97095 \u2013 20<\/p>\t\t\t\t\t\t\t\t<\/div>\n\t\t\t\t<\/div>\n\t\t\t\t\t<\/div>\n\t\t<\/div>\n\t\t\t\t<div class=\"elementor-column elementor-col-33 elementor-inner-column elementor-element elementor-element-cf39eb7\" data-id=\"cf39eb7\" data-element_type=\"column\" data-e-type=\"column\">\n\t\t\t<div class=\"elementor-widget-wrap elementor-element-populated\">\n\t\t\t\t\t\t<div class=\"elementor-element elementor-element-144c605 elementor-view-default elementor-widget elementor-widget-icon\" data-id=\"144c605\" data-element_type=\"widget\" data-e-type=\"widget\" data-widget_type=\"icon.default\">\n\t\t\t\t<div class=\"elementor-widget-container\">\n\t\t\t\t\t\t\t<div class=\"elementor-icon-wrapper\">\n\t\t\t<div class=\"elementor-icon\">\n\t\t\t<i aria-hidden=\"true\" class=\"fas fa-at\"><\/i>\t\t\t<\/div>\n\t\t<\/div>\n\t\t\t\t\t\t<\/div>\n\t\t\t\t<\/div>\n\t\t\t\t<div class=\"elementor-element elementor-element-7b487cc elementor-widget elementor-widget-text-editor\" data-id=\"7b487cc\" data-element_type=\"widget\" data-e-type=\"widget\" data-widget_type=\"text-editor.default\">\n\t\t\t\t<div class=\"elementor-widget-container\">\n\t\t\t\t\t\t\t\t\t<p>invest@noramco.de<\/p>\t\t\t\t\t\t\t\t<\/div>\n\t\t\t\t<\/div>\n\t\t\t\t\t<\/div>\n\t\t<\/div>\n\t\t\t\t<div class=\"elementor-column elementor-col-33 elementor-inner-column elementor-element elementor-element-27fc41b\" data-id=\"27fc41b\" data-element_type=\"column\" data-e-type=\"column\">\n\t\t\t<div class=\"elementor-widget-wrap elementor-element-populated\">\n\t\t\t\t\t\t<div class=\"elementor-element elementor-element-6cbcfa0 elementor-view-default elementor-widget elementor-widget-icon\" data-id=\"6cbcfa0\" data-element_type=\"widget\" data-e-type=\"widget\" data-widget_type=\"icon.default\">\n\t\t\t\t<div class=\"elementor-widget-container\">\n\t\t\t\t\t\t\t<div class=\"elementor-icon-wrapper\">\n\t\t\t<div class=\"elementor-icon\">\n\t\t\t<i aria-hidden=\"true\" class=\"far fa-envelope\"><\/i>\t\t\t<\/div>\n\t\t<\/div>\n\t\t\t\t\t\t<\/div>\n\t\t\t\t<\/div>\n\t\t\t\t<div class=\"elementor-element elementor-element-313e6cc elementor-widget elementor-widget-text-editor\" data-id=\"313e6cc\" data-element_type=\"widget\" data-e-type=\"widget\" data-widget_type=\"text-editor.default\">\n\t\t\t\t<div class=\"elementor-widget-container\">\n\t\t\t\t\t\t\t\t\t<p>NORAMCO Deutschland GmbH<\/p><p>Nagelstr. 14<\/p><p>54290 Trier<\/p>\t\t\t\t\t\t\t\t<\/div>\n\t\t\t\t<\/div>\n\t\t\t\t\t<\/div>\n\t\t<\/div>\n\t\t\t\t\t<\/div>\n\t\t<\/section>\n\t\t\t\t<div class=\"elementor-element elementor-element-2df1bd0a elementor-widget-divider--separator-type-pattern elementor-widget-divider--view-line elementor-widget elementor-widget-divider\" data-id=\"2df1bd0a\" data-element_type=\"widget\" data-e-type=\"widget\" data-widget_type=\"divider.default\">\n\t\t\t\t<div class=\"elementor-widget-container\">\n\t\t\t\t\t\t\t<div class=\"elementor-divider\" style=\"--divider-pattern-url: url(&quot;data:image\/svg+xml,%3Csvg xmlns=&#039;http:\/\/www.w3.org\/2000\/svg&#039; preserveAspectRatio=&#039;none&#039; overflow=&#039;visible&#039; height=&#039;100%&#039; viewBox=&#039;0 0 24 24&#039; fill=&#039;none&#039; stroke=&#039;black&#039; stroke-width=&#039;2&#039; stroke-linecap=&#039;square&#039; stroke-miterlimit=&#039;10&#039;%3E%3Cpath d=&#039;M0,6c6,0,6,13,12,13S18,6,24,6&#039;\/%3E%3C\/svg%3E&quot;);\">\n\t\t\t<span class=\"elementor-divider-separator\">\n\t\t\t\t\t\t<\/span>\n\t\t<\/div>\n\t\t\t\t\t\t<\/div>\n\t\t\t\t<\/div>\n\t\t\t\t<div class=\"elementor-element elementor-element-4cb9eedc elementor-widget elementor-widget-heading\" data-id=\"4cb9eedc\" data-element_type=\"widget\" data-e-type=\"widget\" data-widget_type=\"heading.default\">\n\t\t\t\t<div class=\"elementor-widget-container\">\n\t\t\t\t\t<h2 class=\"elementor-heading-title elementor-size-default\">Unsere \u00d6ffnungszeiten<\/h2>\t\t\t\t<\/div>\n\t\t\t\t<\/div>\n\t\t\t\t<div class=\"elementor-element elementor-element-3bacd5a8 elementor-widget elementor-widget-text-editor\" data-id=\"3bacd5a8\" data-element_type=\"widget\" data-e-type=\"widget\" data-widget_type=\"text-editor.default\">\n\t\t\t\t<div class=\"elementor-widget-container\">\n\t\t\t\t\t\t\t\t\t<p>Montag &#8211; Freitag 8:30 &#8211; 17:00<\/p>\t\t\t\t\t\t\t\t<\/div>\n\t\t\t\t<\/div>\n\t\t\t\t<div class=\"elementor-element elementor-element-a534c9c elementor-widget elementor-widget-text-editor\" data-id=\"a534c9c\" data-element_type=\"widget\" data-e-type=\"widget\" data-widget_type=\"text-editor.default\">\n\t\t\t\t<div class=\"elementor-widget-container\">\n\t\t\t\t\t\t\t\t\t<p>Besuche sind ausschlie\u00dflich nach vorheriger Terminvereinbarung m\u00f6glich. Unser Kundendienst steht Ihnen zu den oben angegeben \u00d6ffnungszeiten gerne per Telefon oder Email zur Verf\u00fcgung.<\/p>\t\t\t\t\t\t\t\t<\/div>\n\t\t\t\t<\/div>\n\t\t\t\t\t<\/div>\n\t\t<\/div>\n\t\t\t\t\t<\/div>\n\t\t<\/section>\n\t\t\t\t<\/div>\n\t\t","protected":false},"excerpt":{"rendered":"<p>Kontakt So erreichen Sie die NORAMCO: +49 (0) 651 \u2013 97095 \u2013 20 invest@noramco.de NORAMCO Deutschland GmbH Nagelstr. 14 54290 Trier Unsere \u00d6ffnungszeiten Montag &#8211; Freitag 8:30 &#8211; 17:00 Besuche sind ausschlie\u00dflich nach vorheriger Terminvereinbarung m\u00f6glich. Unser Kundendienst steht Ihnen zu den oben angegeben \u00d6ffnungszeiten gerne per Telefon oder Email zur Verf\u00fcgung.<\/p>\n","protected":false},"author":1,"featured_media":0,"parent":0,"menu_order":0,"comment_status":"closed","ping_status":"closed","template":"","meta":{"site-sidebar-layout":"no-sidebar","site-content-layout":"page-builder","ast-site-content-layout":"default","site-content-style":"default","site-sidebar-style":"default","ast-global-header-display":"","ast-banner-title-visibility":"","ast-main-header-display":"","ast-hfb-above-header-display":"","ast-hfb-below-header-display":"","ast-hfb-mobile-header-display":"","site-post-title":"disabled","ast-breadcrumbs-content":"","ast-featured-img":"disabled","footer-sml-layout":"","ast-disable-related-posts":"","theme-transparent-header-meta":"","adv-header-id-meta":"","stick-header-meta":"","header-above-stick-meta":"","header-main-stick-meta":"","header-below-stick-meta":"","astra-migrate-meta-layouts":"default","ast-page-background-enabled":"default","ast-page-background-meta":{"desktop":{"background-color":"","background-image":"","background-repeat":"repeat","background-position":"center center","background-size":"auto","background-attachment":"scroll","background-type":"","background-media":"","overlay-type":"","overlay-color":"","overlay-opacity":"","overlay-gradient":""},"tablet":{"background-color":"","background-image":"","background-repeat":"repeat","background-position":"center center","background-size":"auto","background-attachment":"scroll","background-type":"","background-media":"","overlay-type":"","overlay-color":"","overlay-opacity":"","overlay-gradient":""},"mobile":{"background-color":"","background-image":"","background-repeat":"repeat","background-position":"center center","background-size":"auto","background-attachment":"scroll","background-type":"","background-media":"","overlay-type":"","overlay-color":"","overlay-opacity":"","overlay-gradient":""}},"ast-content-background-meta":{"desktop":{"background-color":"var(--ast-global-color-5)","background-image":"","background-repeat":"repeat","background-position":"center center","background-size":"auto","background-attachment":"scroll","background-type":"","background-media":"","overlay-type":"","overlay-color":"","overlay-opacity":"","overlay-gradient":""},"tablet":{"background-color":"var(--ast-global-color-5)","background-image":"","background-repeat":"repeat","background-position":"center center","background-size":"auto","background-attachment":"scroll","background-type":"","background-media":"","overlay-type":"","overlay-color":"","overlay-opacity":"","overlay-gradient":""},"mobile":{"background-color":"var(--ast-global-color-5)","background-image":"","background-repeat":"repeat","background-position":"center center","background-size":"auto","background-attachment":"scroll","background-type":"","background-media":"","overlay-type":"","overlay-color":"","overlay-opacity":"","overlay-gradient":""}},"footnotes":""},"class_list":["post-1577","page","type-page","status-publish","hentry"],"yoast_head":"<!-- This site is optimized with the Yoast SEO plugin v27.3 - https:\/\/yoast.com\/product\/yoast-seo-wordpress\/ -->\n<title>Kontakt - NORAMCO Fonds<\/title>\n<meta name=\"robots\" content=\"index, follow, max-snippet:-1, max-image-preview:large, max-video-preview:-1\" \/>\n<link rel=\"canonical\" href=\"https:\/\/www.noramco.de\/index.php\/kontakt\/\" \/>\n<meta property=\"og:locale\" content=\"de_DE\" \/>\n<meta property=\"og:type\" content=\"article\" \/>\n<meta property=\"og:title\" content=\"Kontakt - NORAMCO Fonds\" \/>\n<meta property=\"og:description\" content=\"Kontakt So erreichen Sie die NORAMCO: +49 (0) 651 \u2013 97095 \u2013 20 invest@noramco.de NORAMCO Deutschland GmbH Nagelstr. 14 54290 Trier Unsere \u00d6ffnungszeiten Montag &#8211; Freitag 8:30 &#8211; 17:00 Besuche sind ausschlie\u00dflich nach vorheriger Terminvereinbarung m\u00f6glich. Unser Kundendienst steht Ihnen zu den oben angegeben \u00d6ffnungszeiten gerne per Telefon oder Email zur Verf\u00fcgung.\" \/>\n<meta property=\"og:url\" content=\"https:\/\/www.noramco.de\/index.php\/kontakt\/\" \/>\n<meta property=\"og:site_name\" content=\"NORAMCO Fonds\" \/>\n<meta property=\"article:modified_time\" content=\"2025-07-25T09:16:26+00:00\" \/>\n<meta property=\"og:image\" content=\"https:\/\/www.noramco.de\/wp-content\/uploads\/2021\/01\/pexels-telefon-pixabay-163007_2-scaled.jpg\" \/>\n\t<meta property=\"og:image:width\" content=\"2560\" \/>\n\t<meta property=\"og:image:height\" content=\"800\" \/>\n\t<meta property=\"og:image:type\" content=\"image\/jpeg\" \/>\n<meta name=\"twitter:card\" content=\"summary_large_image\" \/>\n<meta name=\"twitter:label1\" content=\"Gesch\u00e4tzte Lesezeit\" \/>\n\t<meta name=\"twitter:data1\" content=\"1\u00a0Minute\" \/>\n<script type=\"application\/ld+json\" class=\"yoast-schema-graph\">{\"@context\":\"https:\\\/\\\/schema.org\",\"@graph\":[{\"@type\":\"WebPage\",\"@id\":\"https:\\\/\\\/www.noramco.de\\\/index.php\\\/kontakt\\\/\",\"url\":\"https:\\\/\\\/www.noramco.de\\\/index.php\\\/kontakt\\\/\",\"name\":\"Kontakt - NORAMCO Fonds\",\"isPartOf\":{\"@id\":\"https:\\\/\\\/www.noramco.de\\\/#website\"},\"primaryImageOfPage\":{\"@id\":\"https:\\\/\\\/www.noramco.de\\\/index.php\\\/kontakt\\\/#primaryimage\"},\"image\":{\"@id\":\"https:\\\/\\\/www.noramco.de\\\/index.php\\\/kontakt\\\/#primaryimage\"},\"thumbnailUrl\":\"https:\\\/\\\/www.noramco.de\\\/wp-content\\\/uploads\\\/2021\\\/01\\\/pexels-telefon-pixabay-163007_2-scaled.jpg\",\"datePublished\":\"2021-01-04T16:13:38+00:00\",\"dateModified\":\"2025-07-25T09:16:26+00:00\",\"breadcrumb\":{\"@id\":\"https:\\\/\\\/www.noramco.de\\\/index.php\\\/kontakt\\\/#breadcrumb\"},\"inLanguage\":\"de\",\"potentialAction\":[{\"@type\":\"ReadAction\",\"target\":[\"https:\\\/\\\/www.noramco.de\\\/index.php\\\/kontakt\\\/\"]}]},{\"@type\":\"ImageObject\",\"inLanguage\":\"de\",\"@id\":\"https:\\\/\\\/www.noramco.de\\\/index.php\\\/kontakt\\\/#primaryimage\",\"url\":\"https:\\\/\\\/www.noramco.de\\\/wp-content\\\/uploads\\\/2021\\\/01\\\/pexels-telefon-pixabay-163007_2-scaled.jpg\",\"contentUrl\":\"https:\\\/\\\/www.noramco.de\\\/wp-content\\\/uploads\\\/2021\\\/01\\\/pexels-telefon-pixabay-163007_2-scaled.jpg\",\"width\":2560,\"height\":800},{\"@type\":\"BreadcrumbList\",\"@id\":\"https:\\\/\\\/www.noramco.de\\\/index.php\\\/kontakt\\\/#breadcrumb\",\"itemListElement\":[{\"@type\":\"ListItem\",\"position\":1,\"name\":\"Home\",\"item\":\"https:\\\/\\\/www.noramco.de\\\/\"},{\"@type\":\"ListItem\",\"position\":2,\"name\":\"Kontakt\"}]},{\"@type\":\"WebSite\",\"@id\":\"https:\\\/\\\/www.noramco.de\\\/#website\",\"url\":\"https:\\\/\\\/www.noramco.de\\\/\",\"name\":\"NORAMCO Fonds\",\"description\":\"Aktienfonds\",\"publisher\":{\"@id\":\"https:\\\/\\\/www.noramco.de\\\/#organization\"},\"potentialAction\":[{\"@type\":\"SearchAction\",\"target\":{\"@type\":\"EntryPoint\",\"urlTemplate\":\"https:\\\/\\\/www.noramco.de\\\/?s={search_term_string}\"},\"query-input\":{\"@type\":\"PropertyValueSpecification\",\"valueRequired\":true,\"valueName\":\"search_term_string\"}}],\"inLanguage\":\"de\"},{\"@type\":\"Organization\",\"@id\":\"https:\\\/\\\/www.noramco.de\\\/#organization\",\"name\":\"NORAMCO AG\",\"url\":\"https:\\\/\\\/www.noramco.de\\\/\",\"logo\":{\"@type\":\"ImageObject\",\"inLanguage\":\"de\",\"@id\":\"https:\\\/\\\/www.noramco.de\\\/#\\\/schema\\\/logo\\\/image\\\/\",\"url\":\"https:\\\/\\\/www.noramco.de\\\/wp-content\\\/uploads\\\/2020\\\/12\\\/cropped-Logo_Noramco_4c_quadrat-01.png\",\"contentUrl\":\"https:\\\/\\\/www.noramco.de\\\/wp-content\\\/uploads\\\/2020\\\/12\\\/cropped-Logo_Noramco_4c_quadrat-01.png\",\"width\":263,\"height\":263,\"caption\":\"NORAMCO AG\"},\"image\":{\"@id\":\"https:\\\/\\\/www.noramco.de\\\/#\\\/schema\\\/logo\\\/image\\\/\"}}]}<\/script>\n<!-- \/ Yoast SEO plugin. -->","yoast_head_json":{"title":"Kontakt - NORAMCO Fonds","robots":{"index":"index","follow":"follow","max-snippet":"max-snippet:-1","max-image-preview":"max-image-preview:large","max-video-preview":"max-video-preview:-1"},"canonical":"https:\/\/www.noramco.de\/index.php\/kontakt\/","og_locale":"de_DE","og_type":"article","og_title":"Kontakt - NORAMCO Fonds","og_description":"Kontakt So erreichen Sie die NORAMCO: +49 (0) 651 \u2013 97095 \u2013 20 invest@noramco.de NORAMCO Deutschland GmbH Nagelstr. 14 54290 Trier Unsere \u00d6ffnungszeiten Montag &#8211; Freitag 8:30 &#8211; 17:00 Besuche sind ausschlie\u00dflich nach vorheriger Terminvereinbarung m\u00f6glich. Unser Kundendienst steht Ihnen zu den oben angegeben \u00d6ffnungszeiten gerne per Telefon oder Email zur Verf\u00fcgung.","og_url":"https:\/\/www.noramco.de\/index.php\/kontakt\/","og_site_name":"NORAMCO Fonds","article_modified_time":"2025-07-25T09:16:26+00:00","og_image":[{"width":2560,"height":800,"url":"https:\/\/www.noramco.de\/wp-content\/uploads\/2021\/01\/pexels-telefon-pixabay-163007_2-scaled.jpg","type":"image\/jpeg"}],"twitter_card":"summary_large_image","twitter_misc":{"Gesch\u00e4tzte Lesezeit":"1\u00a0Minute"},"schema":{"@context":"https:\/\/schema.org","@graph":[{"@type":"WebPage","@id":"https:\/\/www.noramco.de\/index.php\/kontakt\/","url":"https:\/\/www.noramco.de\/index.php\/kontakt\/","name":"Kontakt - NORAMCO Fonds","isPartOf":{"@id":"https:\/\/www.noramco.de\/#website"},"primaryImageOfPage":{"@id":"https:\/\/www.noramco.de\/index.php\/kontakt\/#primaryimage"},"image":{"@id":"https:\/\/www.noramco.de\/index.php\/kontakt\/#primaryimage"},"thumbnailUrl":"https:\/\/www.noramco.de\/wp-content\/uploads\/2021\/01\/pexels-telefon-pixabay-163007_2-scaled.jpg","datePublished":"2021-01-04T16:13:38+00:00","dateModified":"2025-07-25T09:16:26+00:00","breadcrumb":{"@id":"https:\/\/www.noramco.de\/index.php\/kontakt\/#breadcrumb"},"inLanguage":"de","potentialAction":[{"@type":"ReadAction","target":["https:\/\/www.noramco.de\/index.php\/kontakt\/"]}]},{"@type":"ImageObject","inLanguage":"de","@id":"https:\/\/www.noramco.de\/index.php\/kontakt\/#primaryimage","url":"https:\/\/www.noramco.de\/wp-content\/uploads\/2021\/01\/pexels-telefon-pixabay-163007_2-scaled.jpg","contentUrl":"https:\/\/www.noramco.de\/wp-content\/uploads\/2021\/01\/pexels-telefon-pixabay-163007_2-scaled.jpg","width":2560,"height":800},{"@type":"BreadcrumbList","@id":"https:\/\/www.noramco.de\/index.php\/kontakt\/#breadcrumb","itemListElement":[{"@type":"ListItem","position":1,"name":"Home","item":"https:\/\/www.noramco.de\/"},{"@type":"ListItem","position":2,"name":"Kontakt"}]},{"@type":"WebSite","@id":"https:\/\/www.noramco.de\/#website","url":"https:\/\/www.noramco.de\/","name":"NORAMCO Fonds","description":"Aktienfonds","publisher":{"@id":"https:\/\/www.noramco.de\/#organization"},"potentialAction":[{"@type":"SearchAction","target":{"@type":"EntryPoint","urlTemplate":"https:\/\/www.noramco.de\/?s={search_term_string}"},"query-input":{"@type":"PropertyValueSpecification","valueRequired":true,"valueName":"search_term_string"}}],"inLanguage":"de"},{"@type":"Organization","@id":"https:\/\/www.noramco.de\/#organization","name":"NORAMCO AG","url":"https:\/\/www.noramco.de\/","logo":{"@type":"ImageObject","inLanguage":"de","@id":"https:\/\/www.noramco.de\/#\/schema\/logo\/image\/","url":"https:\/\/www.noramco.de\/wp-content\/uploads\/2020\/12\/cropped-Logo_Noramco_4c_quadrat-01.png","contentUrl":"https:\/\/www.noramco.de\/wp-content\/uploads\/2020\/12\/cropped-Logo_Noramco_4c_quadrat-01.png","width":263,"height":263,"caption":"NORAMCO AG"},"image":{"@id":"https:\/\/www.noramco.de\/#\/schema\/logo\/image\/"}}]}},"_links":{"self":[{"href":"https:\/\/www.noramco.de\/index.php\/wp-json\/wp\/v2\/pages\/1577","targetHints":{"allow":["GET"]}}],"collection":[{"href":"https:\/\/www.noramco.de\/index.php\/wp-json\/wp\/v2\/pages"}],"about":[{"href":"https:\/\/www.noramco.de\/index.php\/wp-json\/wp\/v2\/types\/page"}],"author":[{"embeddable":true,"href":"https:\/\/www.noramco.de\/index.php\/wp-json\/wp\/v2\/users\/1"}],"replies":[{"embeddable":true,"href":"https:\/\/www.noramco.de\/index.php\/wp-json\/wp\/v2\/comments?post=1577"}],"version-history":[{"count":34,"href":"https:\/\/www.noramco.de\/index.php\/wp-json\/wp\/v2\/pages\/1577\/revisions"}],"predecessor-version":[{"id":9593,"href":"https:\/\/www.noramco.de\/index.php\/wp-json\/wp\/v2\/pages\/1577\/revisions\/9593"}],"wp:attachment":[{"href":"https:\/\/www.noramco.de\/index.php\/wp-json\/wp\/v2\/media?parent=1577"}],"curies":[{"name":"wp","href":"https:\/\/api.w.org\/{rel}","templated":true}]}}