{"id":1747,"date":"2021-01-07T14:38:49","date_gmt":"2021-01-07T13:38:49","guid":{"rendered":"http:\/\/entwicklung.noramco.de\/?page_id=1747"},"modified":"2025-08-05T14:10:27","modified_gmt":"2025-08-05T13:10:27","slug":"log-in","status":"publish","type":"page","link":"https:\/\/www.noramco.de\/index.php\/log-in\/","title":{"rendered":"Log In"},"content":{"rendered":"\t\t<div data-elementor-type=\"wp-page\" data-elementor-id=\"1747\" class=\"elementor elementor-1747\">\n\t\t\t\t\t\t<section class=\"elementor-section elementor-top-section elementor-element elementor-element-64a1267 elementor-section-boxed elementor-section-height-default elementor-section-height-default\" data-id=\"64a1267\" data-element_type=\"section\" data-e-type=\"section\">\n\t\t\t\t\t\t<div class=\"elementor-container elementor-column-gap-default\">\n\t\t\t\t\t<div class=\"elementor-column elementor-col-100 elementor-top-column elementor-element elementor-element-159ea11\" data-id=\"159ea11\" data-element_type=\"column\" data-e-type=\"column\">\n\t\t\t<div class=\"elementor-widget-wrap elementor-element-populated\">\n\t\t\t\t\t\t<div class=\"elementor-element elementor-element-8424afb elementor-widget elementor-widget-heading\" data-id=\"8424afb\" data-element_type=\"widget\" data-e-type=\"widget\" data-widget_type=\"heading.default\">\n\t\t\t\t<div class=\"elementor-widget-container\">\n\t\t\t\t\t<h1 class=\"elementor-heading-title elementor-size-default\">Log In<\/h1>\t\t\t\t<\/div>\n\t\t\t\t<\/div>\n\t\t\t\t<div class=\"elementor-element elementor-element-34a5864 elementor-widget elementor-widget-text-editor\" data-id=\"34a5864\" data-element_type=\"widget\" data-e-type=\"widget\" data-widget_type=\"text-editor.default\">\n\t\t\t\t<div class=\"elementor-widget-container\">\n\t\t\t\t\t\t\t\t\t<p>Per Klick auf eins der Logos gelangen Sie direkt auf die jeweilige Zugangsseite, wo Sie sich mit Ihrem Benutzernamen und Ihrem Passwort anmelden k\u00f6nnen.<\/p>\t\t\t\t\t\t\t\t<\/div>\n\t\t\t\t<\/div>\n\t\t\t\t\t<\/div>\n\t\t<\/div>\n\t\t\t\t\t<\/div>\n\t\t<\/section>\n\t\t\t\t<section class=\"elementor-section elementor-top-section elementor-element elementor-element-a1baebf elementor-section-boxed elementor-section-height-default elementor-section-height-default\" data-id=\"a1baebf\" data-element_type=\"section\" data-e-type=\"section\">\n\t\t\t\t\t\t<div class=\"elementor-container elementor-column-gap-default\">\n\t\t\t\t\t<div class=\"elementor-column elementor-col-100 elementor-top-column elementor-element elementor-element-e3edab0\" data-id=\"e3edab0\" data-element_type=\"column\" data-e-type=\"column\">\n\t\t\t<div class=\"elementor-widget-wrap elementor-element-populated\">\n\t\t\t\t\t\t<div class=\"elementor-element elementor-element-36367a2 elementor-widget elementor-widget-heading\" data-id=\"36367a2\" data-element_type=\"widget\" data-e-type=\"widget\" data-widget_type=\"heading.default\">\n\t\t\t\t<div class=\"elementor-widget-container\">\n\t\t\t\t\t<h2 class=\"elementor-heading-title elementor-size-default\">F\u00fcr Kunden<\/h2>\t\t\t\t<\/div>\n\t\t\t\t<\/div>\n\t\t\t\t<div class=\"elementor-element elementor-element-67b25a5 elementor-widget elementor-widget-image\" data-id=\"67b25a5\" data-element_type=\"widget\" data-e-type=\"widget\" data-widget_type=\"image.default\">\n\t\t\t\t<div class=\"elementor-widget-container\">\n\t\t\t\t\t\t\t\t\t\t\t\t\t\t\t\t<a href=\"https:\/\/www.account-view.moventum.net\/default\/de\/\" target=\"_blank\">\n\t\t\t\t\t\t\t<img decoding=\"async\" width=\"398\" height=\"30\" src=\"https:\/\/www.noramco.de\/wp-content\/uploads\/2021\/01\/logo-moventum.png\" class=\"attachment-full size-full wp-image-1749\" alt=\"\" srcset=\"https:\/\/www.noramco.de\/wp-content\/uploads\/2021\/01\/logo-moventum.png 398w, https:\/\/www.noramco.de\/wp-content\/uploads\/2021\/01\/logo-moventum-300x23.png 300w\" sizes=\"(max-width: 398px) 100vw, 398px\" \/>\t\t\t\t\t\t\t\t<\/a>\n\t\t\t\t\t\t\t\t\t\t\t\t\t\t\t<\/div>\n\t\t\t\t<\/div>\n\t\t\t\t<div class=\"elementor-element elementor-element-6f3ea3a elementor-widget elementor-widget-text-editor\" data-id=\"6f3ea3a\" data-element_type=\"widget\" data-e-type=\"widget\" data-widget_type=\"text-editor.default\">\n\t\t\t\t<div class=\"elementor-widget-container\">\n\t\t\t\t\t\t\t\t\t<p>Dieser Zugang funktioniert nur f\u00fcr Kunden, die ein Depot bei Moventum haben.<\/p><p><strong>Sie haben Fragen zu Moventum? Sie sind an einem Moventum-Depot interessiert? Sprechen Sie uns gerne darauf an!<\/strong><\/p>\t\t\t\t\t\t\t\t<\/div>\n\t\t\t\t<\/div>\n\t\t\t\t\t<\/div>\n\t\t<\/div>\n\t\t\t\t\t<\/div>\n\t\t<\/section>\n\t\t\t\t<section class=\"elementor-section elementor-top-section elementor-element elementor-element-364fb80 elementor-section-boxed elementor-section-height-default elementor-section-height-default\" data-id=\"364fb80\" data-element_type=\"section\" data-e-type=\"section\">\n\t\t\t\t\t\t<div class=\"elementor-container elementor-column-gap-default\">\n\t\t\t\t\t<div class=\"elementor-column elementor-col-100 elementor-top-column elementor-element elementor-element-b68f71e\" data-id=\"b68f71e\" data-element_type=\"column\" data-e-type=\"column\">\n\t\t\t<div class=\"elementor-widget-wrap elementor-element-populated\">\n\t\t\t\t\t\t<div class=\"elementor-element elementor-element-7cd8ec2 elementor-widget elementor-widget-heading\" data-id=\"7cd8ec2\" data-element_type=\"widget\" data-e-type=\"widget\" data-widget_type=\"heading.default\">\n\t\t\t\t<div class=\"elementor-widget-container\">\n\t\t\t\t\t<h2 class=\"elementor-heading-title elementor-size-default\">F\u00fcr Vermittler<\/h2>\t\t\t\t<\/div>\n\t\t\t\t<\/div>\n\t\t\t\t\t<\/div>\n\t\t<\/div>\n\t\t\t\t\t<\/div>\n\t\t<\/section>\n\t\t\t\t<section class=\"elementor-section elementor-top-section elementor-element elementor-element-856eb49 elementor-section-boxed elementor-section-height-default elementor-section-height-default\" data-id=\"856eb49\" data-element_type=\"section\" data-e-type=\"section\">\n\t\t\t\t\t\t<div class=\"elementor-container elementor-column-gap-default\">\n\t\t\t\t\t<div class=\"elementor-column elementor-col-33 elementor-top-column elementor-element elementor-element-ad6678b\" data-id=\"ad6678b\" data-element_type=\"column\" data-e-type=\"column\">\n\t\t\t<div class=\"elementor-widget-wrap elementor-element-populated\">\n\t\t\t\t\t\t<div class=\"elementor-element elementor-element-e3227d5 elementor-widget elementor-widget-image\" data-id=\"e3227d5\" data-element_type=\"widget\" data-e-type=\"widget\" data-widget_type=\"image.default\">\n\t\t\t\t<div class=\"elementor-widget-container\">\n\t\t\t\t\t\t\t\t\t\t\t\t\t\t\t\t<a href=\"https:\/\/register.dz-privatbank.com\/register\/\" target=\"_blank\">\n\t\t\t\t\t\t\t<img fetchpriority=\"high\" decoding=\"async\" width=\"834\" height=\"834\" src=\"https:\/\/www.noramco.de\/wp-content\/uploads\/2020\/12\/nqf-logo-quadrat-01.png\" class=\"attachment-full size-full wp-image-728\" alt=\"\" srcset=\"https:\/\/www.noramco.de\/wp-content\/uploads\/2020\/12\/nqf-logo-quadrat-01.png 834w, https:\/\/www.noramco.de\/wp-content\/uploads\/2020\/12\/nqf-logo-quadrat-01-300x300.png 300w, https:\/\/www.noramco.de\/wp-content\/uploads\/2020\/12\/nqf-logo-quadrat-01-150x150.png 150w, https:\/\/www.noramco.de\/wp-content\/uploads\/2020\/12\/nqf-logo-quadrat-01-768x768.png 768w, https:\/\/www.noramco.de\/wp-content\/uploads\/2020\/12\/nqf-logo-quadrat-01-600x600.png 600w, https:\/\/www.noramco.de\/wp-content\/uploads\/2020\/12\/nqf-logo-quadrat-01-100x100.png 100w\" sizes=\"(max-width: 834px) 100vw, 834px\" \/>\t\t\t\t\t\t\t\t<\/a>\n\t\t\t\t\t\t\t\t\t\t\t\t\t\t\t<\/div>\n\t\t\t\t<\/div>\n\t\t\t\t\t<\/div>\n\t\t<\/div>\n\t\t\t\t<div class=\"elementor-column elementor-col-33 elementor-top-column elementor-element elementor-element-dbc7f24\" data-id=\"dbc7f24\" data-element_type=\"column\" data-e-type=\"column\">\n\t\t\t<div class=\"elementor-widget-wrap elementor-element-populated\">\n\t\t\t\t\t\t<div class=\"elementor-element elementor-element-ab2d0bf elementor-widget elementor-widget-image\" data-id=\"ab2d0bf\" data-element_type=\"widget\" data-e-type=\"widget\" data-widget_type=\"image.default\">\n\t\t\t\t<div class=\"elementor-widget-container\">\n\t\t\t\t\t\t\t\t\t\t\t\t\t\t\t\t<a href=\"https:\/\/transferagencyonline.bnymellon.com\/WebAccount\/LogOn\" target=\"_blank\">\n\t\t\t\t\t\t\t<img decoding=\"async\" width=\"300\" height=\"300\" src=\"https:\/\/www.noramco.de\/wp-content\/uploads\/2020\/12\/Alger_Logo-VECTOR_PMS293_quadrat.jpg\" class=\"attachment-full size-full wp-image-725\" alt=\"\" srcset=\"https:\/\/www.noramco.de\/wp-content\/uploads\/2020\/12\/Alger_Logo-VECTOR_PMS293_quadrat.jpg 300w, https:\/\/www.noramco.de\/wp-content\/uploads\/2020\/12\/Alger_Logo-VECTOR_PMS293_quadrat-150x150.jpg 150w, https:\/\/www.noramco.de\/wp-content\/uploads\/2020\/12\/Alger_Logo-VECTOR_PMS293_quadrat-100x100.jpg 100w\" sizes=\"(max-width: 300px) 100vw, 300px\" \/>\t\t\t\t\t\t\t\t<\/a>\n\t\t\t\t\t\t\t\t\t\t\t\t\t\t\t<\/div>\n\t\t\t\t<\/div>\n\t\t\t\t\t<\/div>\n\t\t<\/div>\n\t\t\t\t<div class=\"elementor-column elementor-col-33 elementor-top-column elementor-element elementor-element-f23a761\" data-id=\"f23a761\" data-element_type=\"column\" data-e-type=\"column\">\n\t\t\t<div class=\"elementor-widget-wrap elementor-element-populated\">\n\t\t\t\t\t\t<div class=\"elementor-element elementor-element-32ea30a elementor-widget elementor-widget-image\" data-id=\"32ea30a\" data-element_type=\"widget\" data-e-type=\"widget\" data-widget_type=\"image.default\">\n\t\t\t\t<div class=\"elementor-widget-container\">\n\t\t\t\t\t\t\t\t\t\t\t\t\t\t\t\t<a href=\"https:\/\/apps.ifglobalproducts.com\/tf\/IFastWeb\/Login.go?cz=3030021\" target=\"_blank\">\n\t\t\t\t\t\t\t<img loading=\"lazy\" decoding=\"async\" width=\"469\" height=\"469\" src=\"https:\/\/www.noramco.de\/wp-content\/uploads\/2020\/12\/davis-sicav-logo-quadrat.png\" class=\"attachment-full size-full wp-image-742\" alt=\"\" srcset=\"https:\/\/www.noramco.de\/wp-content\/uploads\/2020\/12\/davis-sicav-logo-quadrat.png 469w, https:\/\/www.noramco.de\/wp-content\/uploads\/2020\/12\/davis-sicav-logo-quadrat-300x300.png 300w, https:\/\/www.noramco.de\/wp-content\/uploads\/2020\/12\/davis-sicav-logo-quadrat-150x150.png 150w, https:\/\/www.noramco.de\/wp-content\/uploads\/2020\/12\/davis-sicav-logo-quadrat-100x100.png 100w\" sizes=\"(max-width: 469px) 100vw, 469px\" \/>\t\t\t\t\t\t\t\t<\/a>\n\t\t\t\t\t\t\t\t\t\t\t\t\t\t\t<\/div>\n\t\t\t\t<\/div>\n\t\t\t\t\t<\/div>\n\t\t<\/div>\n\t\t\t\t\t<\/div>\n\t\t<\/section>\n\t\t\t\t<\/div>\n\t\t","protected":false},"excerpt":{"rendered":"<p>Log In Per Klick auf eins der Logos gelangen Sie direkt auf die jeweilige Zugangsseite, wo Sie sich mit Ihrem Benutzernamen und Ihrem Passwort anmelden k\u00f6nnen. F\u00fcr Kunden Dieser Zugang funktioniert nur f\u00fcr Kunden, die ein Depot bei Moventum haben. Sie haben Fragen zu Moventum? Sie sind an einem Moventum-Depot interessiert? Sprechen Sie uns gerne [&hellip;]<\/p>\n","protected":false},"author":1,"featured_media":0,"parent":0,"menu_order":0,"comment_status":"closed","ping_status":"closed","template":"","meta":{"site-sidebar-layout":"no-sidebar","site-content-layout":"page-builder","ast-site-content-layout":"default","site-content-style":"default","site-sidebar-style":"default","ast-global-header-display":"","ast-banner-title-visibility":"","ast-main-header-display":"","ast-hfb-above-header-display":"","ast-hfb-below-header-display":"","ast-hfb-mobile-header-display":"","site-post-title":"disabled","ast-breadcrumbs-content":"","ast-featured-img":"disabled","footer-sml-layout":"","ast-disable-related-posts":"","theme-transparent-header-meta":"default","adv-header-id-meta":"","stick-header-meta":"","header-above-stick-meta":"","header-main-stick-meta":"","header-below-stick-meta":"","astra-migrate-meta-layouts":"default","ast-page-background-enabled":"default","ast-page-background-meta":{"desktop":{"background-color":"","background-image":"","background-repeat":"repeat","background-position":"center center","background-size":"auto","background-attachment":"scroll","background-type":"","background-media":"","overlay-type":"","overlay-color":"","overlay-opacity":"","overlay-gradient":""},"tablet":{"background-color":"","background-image":"","background-repeat":"repeat","background-position":"center center","background-size":"auto","background-attachment":"scroll","background-type":"","background-media":"","overlay-type":"","overlay-color":"","overlay-opacity":"","overlay-gradient":""},"mobile":{"background-color":"","background-image":"","background-repeat":"repeat","background-position":"center center","background-size":"auto","background-attachment":"scroll","background-type":"","background-media":"","overlay-type":"","overlay-color":"","overlay-opacity":"","overlay-gradient":""}},"ast-content-background-meta":{"desktop":{"background-color":"var(--ast-global-color-5)","background-image":"","background-repeat":"repeat","background-position":"center center","background-size":"auto","background-attachment":"scroll","background-type":"","background-media":"","overlay-type":"","overlay-color":"","overlay-opacity":"","overlay-gradient":""},"tablet":{"background-color":"var(--ast-global-color-5)","background-image":"","background-repeat":"repeat","background-position":"center center","background-size":"auto","background-attachment":"scroll","background-type":"","background-media":"","overlay-type":"","overlay-color":"","overlay-opacity":"","overlay-gradient":""},"mobile":{"background-color":"var(--ast-global-color-5)","background-image":"","background-repeat":"repeat","background-position":"center center","background-size":"auto","background-attachment":"scroll","background-type":"","background-media":"","overlay-type":"","overlay-color":"","overlay-opacity":"","overlay-gradient":""}},"footnotes":""},"class_list":["post-1747","page","type-page","status-publish","hentry"],"yoast_head":"<!-- This site is optimized with the Yoast SEO plugin v27.6 - https:\/\/yoast.com\/product\/yoast-seo-wordpress\/ -->\n<title>Log In - NORAMCO Fonds<\/title>\n<meta name=\"robots\" content=\"index, follow, max-snippet:-1, max-image-preview:large, max-video-preview:-1\" \/>\n<link rel=\"canonical\" href=\"https:\/\/www.noramco.de\/index.php\/log-in\/\" \/>\n<meta property=\"og:locale\" content=\"de_DE\" \/>\n<meta property=\"og:type\" content=\"article\" \/>\n<meta property=\"og:title\" content=\"Log In - NORAMCO Fonds\" \/>\n<meta property=\"og:description\" content=\"Log In Per Klick auf eins der Logos gelangen Sie direkt auf die jeweilige Zugangsseite, wo Sie sich mit Ihrem Benutzernamen und Ihrem Passwort anmelden k\u00f6nnen. F\u00fcr Kunden Dieser Zugang funktioniert nur f\u00fcr Kunden, die ein Depot bei Moventum haben. Sie haben Fragen zu Moventum? Sie sind an einem Moventum-Depot interessiert? Sprechen Sie uns gerne [&hellip;]\" \/>\n<meta property=\"og:url\" content=\"https:\/\/www.noramco.de\/index.php\/log-in\/\" \/>\n<meta property=\"og:site_name\" content=\"NORAMCO Fonds\" \/>\n<meta property=\"article:modified_time\" content=\"2025-08-05T13:10:27+00:00\" \/>\n<meta property=\"og:image\" content=\"https:\/\/www.noramco.de\/wp-content\/uploads\/2021\/01\/logo-moventum.png\" \/>\n\t<meta property=\"og:image:width\" content=\"398\" \/>\n\t<meta property=\"og:image:height\" content=\"30\" \/>\n\t<meta property=\"og:image:type\" content=\"image\/png\" \/>\n<meta name=\"twitter:card\" content=\"summary_large_image\" \/>\n<meta name=\"twitter:label1\" content=\"Gesch\u00e4tzte Lesezeit\" \/>\n\t<meta name=\"twitter:data1\" content=\"2\u00a0Minuten\" \/>\n<script type=\"application\/ld+json\" class=\"yoast-schema-graph\">{\"@context\":\"https:\\\/\\\/schema.org\",\"@graph\":[{\"@type\":\"WebPage\",\"@id\":\"https:\\\/\\\/www.noramco.de\\\/index.php\\\/log-in\\\/\",\"url\":\"https:\\\/\\\/www.noramco.de\\\/index.php\\\/log-in\\\/\",\"name\":\"Log In - NORAMCO Fonds\",\"isPartOf\":{\"@id\":\"https:\\\/\\\/www.noramco.de\\\/#website\"},\"primaryImageOfPage\":{\"@id\":\"https:\\\/\\\/www.noramco.de\\\/index.php\\\/log-in\\\/#primaryimage\"},\"image\":{\"@id\":\"https:\\\/\\\/www.noramco.de\\\/index.php\\\/log-in\\\/#primaryimage\"},\"thumbnailUrl\":\"https:\\\/\\\/www.noramco.de\\\/wp-content\\\/uploads\\\/2021\\\/01\\\/logo-moventum.png\",\"datePublished\":\"2021-01-07T13:38:49+00:00\",\"dateModified\":\"2025-08-05T13:10:27+00:00\",\"breadcrumb\":{\"@id\":\"https:\\\/\\\/www.noramco.de\\\/index.php\\\/log-in\\\/#breadcrumb\"},\"inLanguage\":\"de\",\"potentialAction\":[{\"@type\":\"ReadAction\",\"target\":[\"https:\\\/\\\/www.noramco.de\\\/index.php\\\/log-in\\\/\"]}]},{\"@type\":\"ImageObject\",\"inLanguage\":\"de\",\"@id\":\"https:\\\/\\\/www.noramco.de\\\/index.php\\\/log-in\\\/#primaryimage\",\"url\":\"https:\\\/\\\/www.noramco.de\\\/wp-content\\\/uploads\\\/2021\\\/01\\\/logo-moventum.png\",\"contentUrl\":\"https:\\\/\\\/www.noramco.de\\\/wp-content\\\/uploads\\\/2021\\\/01\\\/logo-moventum.png\",\"width\":398,\"height\":30},{\"@type\":\"BreadcrumbList\",\"@id\":\"https:\\\/\\\/www.noramco.de\\\/index.php\\\/log-in\\\/#breadcrumb\",\"itemListElement\":[{\"@type\":\"ListItem\",\"position\":1,\"name\":\"Home\",\"item\":\"https:\\\/\\\/www.noramco.de\\\/\"},{\"@type\":\"ListItem\",\"position\":2,\"name\":\"Log In\"}]},{\"@type\":\"WebSite\",\"@id\":\"https:\\\/\\\/www.noramco.de\\\/#website\",\"url\":\"https:\\\/\\\/www.noramco.de\\\/\",\"name\":\"NORAMCO Fonds\",\"description\":\"Aktienfonds\",\"publisher\":{\"@id\":\"https:\\\/\\\/www.noramco.de\\\/#organization\"},\"potentialAction\":[{\"@type\":\"SearchAction\",\"target\":{\"@type\":\"EntryPoint\",\"urlTemplate\":\"https:\\\/\\\/www.noramco.de\\\/?s={search_term_string}\"},\"query-input\":{\"@type\":\"PropertyValueSpecification\",\"valueRequired\":true,\"valueName\":\"search_term_string\"}}],\"inLanguage\":\"de\"},{\"@type\":\"Organization\",\"@id\":\"https:\\\/\\\/www.noramco.de\\\/#organization\",\"name\":\"NORAMCO AG\",\"url\":\"https:\\\/\\\/www.noramco.de\\\/\",\"logo\":{\"@type\":\"ImageObject\",\"inLanguage\":\"de\",\"@id\":\"https:\\\/\\\/www.noramco.de\\\/#\\\/schema\\\/logo\\\/image\\\/\",\"url\":\"https:\\\/\\\/www.noramco.de\\\/wp-content\\\/uploads\\\/2020\\\/12\\\/cropped-Logo_Noramco_4c_quadrat-01.png\",\"contentUrl\":\"https:\\\/\\\/www.noramco.de\\\/wp-content\\\/uploads\\\/2020\\\/12\\\/cropped-Logo_Noramco_4c_quadrat-01.png\",\"width\":263,\"height\":263,\"caption\":\"NORAMCO AG\"},\"image\":{\"@id\":\"https:\\\/\\\/www.noramco.de\\\/#\\\/schema\\\/logo\\\/image\\\/\"}}]}<\/script>\n<!-- \/ Yoast SEO plugin. -->","yoast_head_json":{"title":"Log In - NORAMCO Fonds","robots":{"index":"index","follow":"follow","max-snippet":"max-snippet:-1","max-image-preview":"max-image-preview:large","max-video-preview":"max-video-preview:-1"},"canonical":"https:\/\/www.noramco.de\/index.php\/log-in\/","og_locale":"de_DE","og_type":"article","og_title":"Log In - NORAMCO Fonds","og_description":"Log In Per Klick auf eins der Logos gelangen Sie direkt auf die jeweilige Zugangsseite, wo Sie sich mit Ihrem Benutzernamen und Ihrem Passwort anmelden k\u00f6nnen. F\u00fcr Kunden Dieser Zugang funktioniert nur f\u00fcr Kunden, die ein Depot bei Moventum haben. Sie haben Fragen zu Moventum? Sie sind an einem Moventum-Depot interessiert? Sprechen Sie uns gerne [&hellip;]","og_url":"https:\/\/www.noramco.de\/index.php\/log-in\/","og_site_name":"NORAMCO Fonds","article_modified_time":"2025-08-05T13:10:27+00:00","og_image":[{"width":398,"height":30,"url":"https:\/\/www.noramco.de\/wp-content\/uploads\/2021\/01\/logo-moventum.png","type":"image\/png"}],"twitter_card":"summary_large_image","twitter_misc":{"Gesch\u00e4tzte Lesezeit":"2\u00a0Minuten"},"schema":{"@context":"https:\/\/schema.org","@graph":[{"@type":"WebPage","@id":"https:\/\/www.noramco.de\/index.php\/log-in\/","url":"https:\/\/www.noramco.de\/index.php\/log-in\/","name":"Log In - NORAMCO Fonds","isPartOf":{"@id":"https:\/\/www.noramco.de\/#website"},"primaryImageOfPage":{"@id":"https:\/\/www.noramco.de\/index.php\/log-in\/#primaryimage"},"image":{"@id":"https:\/\/www.noramco.de\/index.php\/log-in\/#primaryimage"},"thumbnailUrl":"https:\/\/www.noramco.de\/wp-content\/uploads\/2021\/01\/logo-moventum.png","datePublished":"2021-01-07T13:38:49+00:00","dateModified":"2025-08-05T13:10:27+00:00","breadcrumb":{"@id":"https:\/\/www.noramco.de\/index.php\/log-in\/#breadcrumb"},"inLanguage":"de","potentialAction":[{"@type":"ReadAction","target":["https:\/\/www.noramco.de\/index.php\/log-in\/"]}]},{"@type":"ImageObject","inLanguage":"de","@id":"https:\/\/www.noramco.de\/index.php\/log-in\/#primaryimage","url":"https:\/\/www.noramco.de\/wp-content\/uploads\/2021\/01\/logo-moventum.png","contentUrl":"https:\/\/www.noramco.de\/wp-content\/uploads\/2021\/01\/logo-moventum.png","width":398,"height":30},{"@type":"BreadcrumbList","@id":"https:\/\/www.noramco.de\/index.php\/log-in\/#breadcrumb","itemListElement":[{"@type":"ListItem","position":1,"name":"Home","item":"https:\/\/www.noramco.de\/"},{"@type":"ListItem","position":2,"name":"Log In"}]},{"@type":"WebSite","@id":"https:\/\/www.noramco.de\/#website","url":"https:\/\/www.noramco.de\/","name":"NORAMCO Fonds","description":"Aktienfonds","publisher":{"@id":"https:\/\/www.noramco.de\/#organization"},"potentialAction":[{"@type":"SearchAction","target":{"@type":"EntryPoint","urlTemplate":"https:\/\/www.noramco.de\/?s={search_term_string}"},"query-input":{"@type":"PropertyValueSpecification","valueRequired":true,"valueName":"search_term_string"}}],"inLanguage":"de"},{"@type":"Organization","@id":"https:\/\/www.noramco.de\/#organization","name":"NORAMCO AG","url":"https:\/\/www.noramco.de\/","logo":{"@type":"ImageObject","inLanguage":"de","@id":"https:\/\/www.noramco.de\/#\/schema\/logo\/image\/","url":"https:\/\/www.noramco.de\/wp-content\/uploads\/2020\/12\/cropped-Logo_Noramco_4c_quadrat-01.png","contentUrl":"https:\/\/www.noramco.de\/wp-content\/uploads\/2020\/12\/cropped-Logo_Noramco_4c_quadrat-01.png","width":263,"height":263,"caption":"NORAMCO AG"},"image":{"@id":"https:\/\/www.noramco.de\/#\/schema\/logo\/image\/"}}]}},"_links":{"self":[{"href":"https:\/\/www.noramco.de\/index.php\/wp-json\/wp\/v2\/pages\/1747","targetHints":{"allow":["GET"]}}],"collection":[{"href":"https:\/\/www.noramco.de\/index.php\/wp-json\/wp\/v2\/pages"}],"about":[{"href":"https:\/\/www.noramco.de\/index.php\/wp-json\/wp\/v2\/types\/page"}],"author":[{"embeddable":true,"href":"https:\/\/www.noramco.de\/index.php\/wp-json\/wp\/v2\/users\/1"}],"replies":[{"embeddable":true,"href":"https:\/\/www.noramco.de\/index.php\/wp-json\/wp\/v2\/comments?post=1747"}],"version-history":[{"count":49,"href":"https:\/\/www.noramco.de\/index.php\/wp-json\/wp\/v2\/pages\/1747\/revisions"}],"predecessor-version":[{"id":9645,"href":"https:\/\/www.noramco.de\/index.php\/wp-json\/wp\/v2\/pages\/1747\/revisions\/9645"}],"wp:attachment":[{"href":"https:\/\/www.noramco.de\/index.php\/wp-json\/wp\/v2\/media?parent=1747"}],"curies":[{"name":"wp","href":"https:\/\/api.w.org\/{rel}","templated":true}]}}