{"id":5192,"date":"2022-07-28T15:58:16","date_gmt":"2022-07-28T14:58:16","guid":{"rendered":"https:\/\/www.noramco.de\/?page_id=5192"},"modified":"2023-01-09T08:49:17","modified_gmt":"2023-01-09T07:49:17","slug":"erstinformation","status":"publish","type":"page","link":"https:\/\/www.noramco.de\/index.php\/erstinformation\/","title":{"rendered":"Erstinformation"},"content":{"rendered":"\t\t<div data-elementor-type=\"wp-page\" data-elementor-id=\"5192\" class=\"elementor elementor-5192\">\n\t\t\t\t\t\t<section class=\"elementor-section elementor-top-section elementor-element elementor-element-74479a90 elementor-section-boxed elementor-section-height-default elementor-section-height-default\" data-id=\"74479a90\" data-element_type=\"section\" data-e-type=\"section\">\n\t\t\t\t\t\t<div class=\"elementor-container elementor-column-gap-default\">\n\t\t\t\t\t<div class=\"elementor-column elementor-col-100 elementor-top-column elementor-element elementor-element-6079d72b\" data-id=\"6079d72b\" data-element_type=\"column\" data-e-type=\"column\">\n\t\t\t<div class=\"elementor-widget-wrap elementor-element-populated\">\n\t\t\t\t\t\t<div class=\"elementor-element elementor-element-4fa0541c elementor-widget elementor-widget-heading\" data-id=\"4fa0541c\" data-element_type=\"widget\" data-e-type=\"widget\" data-widget_type=\"heading.default\">\n\t\t\t\t<div class=\"elementor-widget-container\">\n\t\t\t\t\t<h1 class=\"elementor-heading-title elementor-size-default\">Erstinformation \/ Statusbezogene Informationen<\/h1>\t\t\t\t<\/div>\n\t\t\t\t<\/div>\n\t\t\t\t<div class=\"elementor-element elementor-element-6fbaf8ca elementor-widget elementor-widget-text-editor\" data-id=\"6fbaf8ca\" data-element_type=\"widget\" data-e-type=\"widget\" data-widget_type=\"text-editor.default\">\n\t\t\t\t<div class=\"elementor-widget-container\">\n\t\t\t\t\t\t\t\t\t<p>Erstinformation gem\u00e4\u00df \u00a7 34d Abs. 1 GewO- und \u00a7 34f GewO-Zulassungsinhaber gem. \u00a7 15 VersVermV und<\/p><p>\u00a7 12 und \u00a7 12a FinVermV.<\/p>\t\t\t\t\t\t\t\t<\/div>\n\t\t\t\t<\/div>\n\t\t\t\t<div class=\"elementor-element elementor-element-103bb30 elementor-widget elementor-widget-heading\" data-id=\"103bb30\" data-element_type=\"widget\" data-e-type=\"widget\" data-widget_type=\"heading.default\">\n\t\t\t\t<div class=\"elementor-widget-container\">\n\t\t\t\t\t<h2 class=\"elementor-heading-title elementor-size-default\">1. Name und Anschrift<\/h2>\t\t\t\t<\/div>\n\t\t\t\t<\/div>\n\t\t\t\t<div class=\"elementor-element elementor-element-6e4e14a9 elementor-widget elementor-widget-text-editor\" data-id=\"6e4e14a9\" data-element_type=\"widget\" data-e-type=\"widget\" data-widget_type=\"text-editor.default\">\n\t\t\t\t<div class=\"elementor-widget-container\">\n\t\t\t\t\t\t\t\t\t<p><strong>NORAMCO (Deutschland) GmbH<\/strong><\/p><p>Gesch\u00e4ftsf\u00fchrer: Edgar Bauschert, Cornelius Thei\u00df<\/p><p>Nagelstra\u00dfe 14<\/p><p>54290 Trier<\/p><p>Telefon: 0651 \/ 970 95 &#8211; 20<\/p><p>E-Mail: invest@noramco.de<\/p><p>www.noramco.de<\/p>\t\t\t\t\t\t\t\t<\/div>\n\t\t\t\t<\/div>\n\t\t\t\t<div class=\"elementor-element elementor-element-24bd61 elementor-widget elementor-widget-heading\" data-id=\"24bd61\" data-element_type=\"widget\" data-e-type=\"widget\" data-widget_type=\"heading.default\">\n\t\t\t\t<div class=\"elementor-widget-container\">\n\t\t\t\t\t<h2 class=\"elementor-heading-title elementor-size-default\">2. T\u00e4tigkeitsart <\/h2>\t\t\t\t<\/div>\n\t\t\t\t<\/div>\n\t\t\t\t<div class=\"elementor-element elementor-element-2e0aac46 elementor-widget elementor-widget-text-editor\" data-id=\"2e0aac46\" data-element_type=\"widget\" data-e-type=\"widget\" data-widget_type=\"text-editor.default\">\n\t\t\t\t<div class=\"elementor-widget-container\">\n\t\t\t\t\t\t\t\t\t<ul><li><strong>Versicherungsvertreter<\/strong> mit der Erlaubnis nach \u00a7 34d Abs. 1 GewO und als<\/li><li><strong>Finanzanlagenvermittler<\/strong> mit Erlaubnis nach \u00a7 34f Abs. 1 GewO ausgestattet.<\/li><\/ul><p>Diese Erlaubnisse beinhaltet die Befugnis zur Anlageberatung oder zur Vermittlung des Abschlusses von Vertr\u00e4gen \u00fcber\u00a0<\/p><ul><li>Versicherungen (\u00a7 34d Abs. 1 GewO),<\/li><li>Finanzanlagen gem\u00e4\u00df \u00a7 34f Abs. 1, S. 1, Nr.\u00a01GewO<\/li><\/ul>\t\t\t\t\t\t\t\t<\/div>\n\t\t\t\t<\/div>\n\t\t\t\t<div class=\"elementor-element elementor-element-2cd49516 elementor-widget elementor-widget-heading\" data-id=\"2cd49516\" data-element_type=\"widget\" data-e-type=\"widget\" data-widget_type=\"heading.default\">\n\t\t\t\t<div class=\"elementor-widget-container\">\n\t\t\t\t\t<h2 class=\"elementor-heading-title elementor-size-default\">3.\tErlaubnisbeh\u00f6rde \/ Registrierungsbeh\u00f6rde<\/h2>\t\t\t\t<\/div>\n\t\t\t\t<\/div>\n\t\t\t\t<div class=\"elementor-element elementor-element-569d1389 elementor-widget elementor-widget-text-editor\" data-id=\"569d1389\" data-element_type=\"widget\" data-e-type=\"widget\" data-widget_type=\"text-editor.default\">\n\t\t\t\t<div class=\"elementor-widget-container\">\n\t\t\t\t\t\t\t\t\t<p>Versicherungsvertreter nach \u00a7 34d Gewerbeordnung:<\/p><ul><li>Zust\u00e4ndige Beh\u00f6rde: IHK-Trier, Herzogenbuscher Str. 12, 54292 Trier, Telefon: 0651 \/ 9777 &#8211; 0, Fax: 0651 \/ 9777 &#8211; 150, E-Mail: infocenter@trier.ihk.de, <br \/>www.ihk-trier.de<\/li><\/ul><p>Finanzanlagenvermittler nach \u00a7 34f Gewerbeordnung:<\/p><ul><li>Erlaubnisbeh\u00f6rde: Stadt\u00adver\u00adwal\u00adtung Trier (Ord\u00adnungs\u00adamt), Wasserweg 7-9, 54292 Trier, <br \/>Telefon: 0651 \/ 718 &#8211; 0, Fax: 0651 \/ 718 &#8211; 1328<\/li><li>Registrierungsbeh\u00f6rde: IHK-Trier, Herzogenbuscher Str. 12, 54292 Trier, <br \/>Telefon: 0651 \/ 9777 &#8211; 0, Fax: 0651 \/ 9777 &#8211; 150, E-Mail: infocenter@trier.ihk.de, www.ihk-trier.de<\/li><\/ul>\t\t\t\t\t\t\t\t<\/div>\n\t\t\t\t<\/div>\n\t\t\t\t<div class=\"elementor-element elementor-element-4c348c78 elementor-widget elementor-widget-heading\" data-id=\"4c348c78\" data-element_type=\"widget\" data-e-type=\"widget\" data-widget_type=\"heading.default\">\n\t\t\t\t<div class=\"elementor-widget-container\">\n\t\t\t\t\t<h2 class=\"elementor-heading-title elementor-size-default\">4. Gemeinsame Registerstelle nach \u00a7 11a Abs. 1 GewO und Eintragung im Vermittlerregister<\/h2>\t\t\t\t<\/div>\n\t\t\t\t<\/div>\n\t\t\t\t<div class=\"elementor-element elementor-element-49b536da elementor-widget elementor-widget-text-editor\" data-id=\"49b536da\" data-element_type=\"widget\" data-e-type=\"widget\" data-widget_type=\"text-editor.default\">\n\t\t\t\t<div class=\"elementor-widget-container\">\n\t\t\t\t\t\t\t\t\t<p>Deutscher Industrie- und Handelskammertag (DIHK) e.V., Breite Stra\u00dfe 29, 10178 Berlin, Auskunft \u00fcber:<\/p><p>Telefon: 030 \/ 20308 &#8211; 0\u00a0 oder www.vermittlerregister.org unter der jeweiligen Registernummer:<\/p><ul><li>D-CTP5-IC8F2-31 (f\u00fcr \u00a7 34d GewO)<\/li><li>D-F-176-2VRH-62 (f\u00fcr \u00a7 34f GewO)<\/li><\/ul>\t\t\t\t\t\t\t\t<\/div>\n\t\t\t\t<\/div>\n\t\t\t\t<div class=\"elementor-element elementor-element-29ff2941 elementor-widget elementor-widget-heading\" data-id=\"29ff2941\" data-element_type=\"widget\" data-e-type=\"widget\" data-widget_type=\"heading.default\">\n\t\t\t\t<div class=\"elementor-widget-container\">\n\t\t\t\t\t<h2 class=\"elementor-heading-title elementor-size-default\">5. Informationen \u00fcber Art und Quelle der Verg\u00fctung als Versicherungsvertreter<\/h2>\t\t\t\t<\/div>\n\t\t\t\t<\/div>\n\t\t\t\t<div class=\"elementor-element elementor-element-4ba8a6cb elementor-widget elementor-widget-text-editor\" data-id=\"4ba8a6cb\" data-element_type=\"widget\" data-e-type=\"widget\" data-widget_type=\"text-editor.default\">\n\t\t\t\t<div class=\"elementor-widget-container\">\n\t\t\t\t\t\t\t\t\t<p>Die Verg\u00fctung der T\u00e4tigkeit erfolgt als:<\/p><ul><li>konkret vereinbarte Zahlung durch den Kunden oder als<\/li><li>in der Versicherungspr\u00e4mie enthaltene Provision, die vom jeweiligen Versicherungsunternehmen ausgezahlt wird<\/li><li>oder als Kombination aus beidem.<\/li><\/ul><p>Dies ist jeweils abh\u00e4ngig von den W\u00fcnschen und Bed\u00fcrfnissen des Kunden und den Versicherungsprodukten, welche eventuell vermittelt werden.<\/p>\t\t\t\t\t\t\t\t<\/div>\n\t\t\t\t<\/div>\n\t\t\t\t<div class=\"elementor-element elementor-element-29842251 elementor-widget elementor-widget-heading\" data-id=\"29842251\" data-element_type=\"widget\" data-e-type=\"widget\" data-widget_type=\"heading.default\">\n\t\t\t\t<div class=\"elementor-widget-container\">\n\t\t\t\t\t<h2 class=\"elementor-heading-title elementor-size-default\">6. Beratung<\/h2>\t\t\t\t<\/div>\n\t\t\t\t<\/div>\n\t\t\t\t<div class=\"elementor-element elementor-element-3087b616 elementor-widget elementor-widget-text-editor\" data-id=\"3087b616\" data-element_type=\"widget\" data-e-type=\"widget\" data-widget_type=\"text-editor.default\">\n\t\t\t\t<div class=\"elementor-widget-container\">\n\t\t\t\t\t\t\t\t\t<p>Die T\u00e4tigkeit als Versicherungsvertreter beinhaltet auch Beratung.<\/p>\t\t\t\t\t\t\t\t<\/div>\n\t\t\t\t<\/div>\n\t\t\t\t<div class=\"elementor-element elementor-element-124279f7 elementor-widget elementor-widget-heading\" data-id=\"124279f7\" data-element_type=\"widget\" data-e-type=\"widget\" data-widget_type=\"heading.default\">\n\t\t\t\t<div class=\"elementor-widget-container\">\n\t\t\t\t\t<h2 class=\"elementor-heading-title elementor-size-default\">7. Informationen \u00fcber Emittenten und Anbieter, zu deren Finanzanlagen vermittelt und ggf. beraten wird<\/h2>\t\t\t\t<\/div>\n\t\t\t\t<\/div>\n\t\t\t\t<div class=\"elementor-element elementor-element-4cad1a8b elementor-widget elementor-widget-text-editor\" data-id=\"4cad1a8b\" data-element_type=\"widget\" data-e-type=\"widget\" data-widget_type=\"text-editor.default\">\n\t\t\t\t<div class=\"elementor-widget-container\">\n\t\t\t\t\t\t\t\t\t<p>Vermittelt und ggf. beraten wird zu Finanzanlagen aus der gesamten Breite des in Deutschland bestehenden Marktes soweit dies im Rahmen der beh\u00f6rdlichen Zulassung als Finanzanlagenvermittler gem. \u00a7 34f Abs. 1, S. 1, Nr.\u00a01 GewO zul\u00e4ssig ist.<\/p>\t\t\t\t\t\t\t\t<\/div>\n\t\t\t\t<\/div>\n\t\t\t\t<div class=\"elementor-element elementor-element-588fd74c elementor-widget elementor-widget-heading\" data-id=\"588fd74c\" data-element_type=\"widget\" data-e-type=\"widget\" data-widget_type=\"heading.default\">\n\t\t\t\t<div class=\"elementor-widget-container\">\n\t\t\t\t\t<h2 class=\"elementor-heading-title elementor-size-default\">8. Informationen \u00fcber die Verg\u00fctung bei der Finanzanlagenvermittlung und ggf. -beratung  <\/h2>\t\t\t\t<\/div>\n\t\t\t\t<\/div>\n\t\t\t\t<div class=\"elementor-element elementor-element-5791bbb elementor-widget elementor-widget-text-editor\" data-id=\"5791bbb\" data-element_type=\"widget\" data-e-type=\"widget\" data-widget_type=\"text-editor.default\">\n\t\t\t\t<div class=\"elementor-widget-container\">\n\t\t\t\t\t\t\t\t\t<ul><li>Im Zusammenhang mit der Anlagevermittlung und ggf. -beratung kann die Verg\u00fctung hierf\u00fcr durch den Anleger oder durch Dritte (Produktgeber) oder in Kombination erfolgen. Dies ist abh\u00e4ngig von den W\u00fcnschen und Bed\u00fcrfnissen des Anlegers und den Finanzprodukten, welche eventuell vermittelt werden.<\/li><li>Soweit die Verg\u00fctungsbestandteile insofern durch den Anleger gezahlt werden, erfolgt dies\u00a0entsprechend der gesondert zu treffenden Verg\u00fctungsvereinbarung.<\/li><li>Soweit Zuwendungen im Zusammenhang mit der Anlageberatung oder -vermittlung insofern von Dritten (Produktgebern) erbracht werden, d\u00fcrfen diese behalten werden.<\/li><\/ul>\t\t\t\t\t\t\t\t<\/div>\n\t\t\t\t<\/div>\n\t\t\t\t<div class=\"elementor-element elementor-element-2e7cc2d elementor-widget elementor-widget-heading\" data-id=\"2e7cc2d\" data-element_type=\"widget\" data-e-type=\"widget\" data-widget_type=\"heading.default\">\n\t\t\t\t<div class=\"elementor-widget-container\">\n\t\t\t\t\t<h2 class=\"elementor-heading-title elementor-size-default\">9. M\u00f6gliche Interessenskonflikte<\/h2>\t\t\t\t<\/div>\n\t\t\t\t<\/div>\n\t\t\t\t<div class=\"elementor-element elementor-element-4bca681e elementor-widget elementor-widget-text-editor\" data-id=\"4bca681e\" data-element_type=\"widget\" data-e-type=\"widget\" data-widget_type=\"text-editor.default\">\n\t\t\t\t<div class=\"elementor-widget-container\">\n\t\t\t\t\t\t\t\t\t<p>Die NORAMCO (Deutschland) GmbH ist Vertriebsstelle der NORAMCO Quality Funds.<\/p>\t\t\t\t\t\t\t\t<\/div>\n\t\t\t\t<\/div>\n\t\t\t\t<div class=\"elementor-element elementor-element-68759067 elementor-widget elementor-widget-heading\" data-id=\"68759067\" data-element_type=\"widget\" data-e-type=\"widget\" data-widget_type=\"heading.default\">\n\t\t\t\t<div class=\"elementor-widget-container\">\n\t\t\t\t\t<h2 class=\"elementor-heading-title elementor-size-default\">10. Alternative Streitbeilegung <\/h2>\t\t\t\t<\/div>\n\t\t\t\t<\/div>\n\t\t\t\t<div class=\"elementor-element elementor-element-67cac95d elementor-widget elementor-widget-text-editor\" data-id=\"67cac95d\" data-element_type=\"widget\" data-e-type=\"widget\" data-widget_type=\"text-editor.default\">\n\t\t\t\t<div class=\"elementor-widget-container\">\n\t\t\t\t\t\t\t\t\t<p>Sofern im Falle einer Beschwerde ausnahmsweise keine einvernehmliche L\u00f6sung mit dem Kunden gefunden werden kann, ist der Berater bereit, an einem Streitbeilegungsverfahren vor einer anerkannten Verbraucherschlichtungsstelle teilzunehmen.<\/p><p>\u00a0<\/p><p>Zum Zwecke der au\u00dfergerichtlichen Streitbeilegung k\u00f6nnen Kunden sich an die folgende Schlichtungsstelle wenden:<\/p><p>\u00a0<\/p><p><strong>Schlichtungsstelle f\u00fcr gewerbliche Versicherungs-, Anlage- und Kreditvermittlung <\/strong><\/p><p>Glockengie\u00dferwall 2, 20095 Hamburg, Postanschrift: Postfach 10 14 24, 20009 Hamburg, Telefon: 040 \/ 696 508 &#8211; 90, Fax: 040 \/ 696 508 &#8211; 91, kontakt@schlichtung-finanzberatung.de, www.schlichtung-finanzberatung.de<\/p>\t\t\t\t\t\t\t\t<\/div>\n\t\t\t\t<\/div>\n\t\t\t\t\t<\/div>\n\t\t<\/div>\n\t\t\t\t\t<\/div>\n\t\t<\/section>\n\t\t\t\t<\/div>\n\t\t","protected":false},"excerpt":{"rendered":"<p>Erstinformation \/ Statusbezogene Informationen Erstinformation gem\u00e4\u00df \u00a7 34d Abs. 1 GewO- und \u00a7 34f GewO-Zulassungsinhaber gem. \u00a7 15 VersVermV und \u00a7 12 und \u00a7 12a FinVermV. 1. Name und Anschrift NORAMCO (Deutschland) GmbH Gesch\u00e4ftsf\u00fchrer: Edgar Bauschert, Cornelius Thei\u00df Nagelstra\u00dfe 14 54290 Trier Telefon: 0651 \/ 970 95 &#8211; 20 E-Mail: invest@noramco.de www.noramco.de 2. T\u00e4tigkeitsart Versicherungsvertreter [&hellip;]<\/p>\n","protected":false},"author":1,"featured_media":0,"parent":0,"menu_order":0,"comment_status":"closed","ping_status":"closed","template":"","meta":{"site-sidebar-layout":"no-sidebar","site-content-layout":"page-builder","ast-site-content-layout":"default","site-content-style":"default","site-sidebar-style":"default","ast-global-header-display":"","ast-banner-title-visibility":"","ast-main-header-display":"","ast-hfb-above-header-display":"","ast-hfb-below-header-display":"","ast-hfb-mobile-header-display":"","site-post-title":"disabled","ast-breadcrumbs-content":"","ast-featured-img":"disabled","footer-sml-layout":"","ast-disable-related-posts":"","theme-transparent-header-meta":"","adv-header-id-meta":"","stick-header-meta":"","header-above-stick-meta":"","header-main-stick-meta":"","header-below-stick-meta":"","astra-migrate-meta-layouts":"default","ast-page-background-enabled":"default","ast-page-background-meta":{"desktop":{"background-color":"","background-image":"","background-repeat":"repeat","background-position":"center center","background-size":"auto","background-attachment":"scroll","background-type":"","background-media":"","overlay-type":"","overlay-color":"","overlay-opacity":"","overlay-gradient":""},"tablet":{"background-color":"","background-image":"","background-repeat":"repeat","background-position":"center center","background-size":"auto","background-attachment":"scroll","background-type":"","background-media":"","overlay-type":"","overlay-color":"","overlay-opacity":"","overlay-gradient":""},"mobile":{"background-color":"","background-image":"","background-repeat":"repeat","background-position":"center center","background-size":"auto","background-attachment":"scroll","background-type":"","background-media":"","overlay-type":"","overlay-color":"","overlay-opacity":"","overlay-gradient":""}},"ast-content-background-meta":{"desktop":{"background-color":"var(--ast-global-color-5)","background-image":"","background-repeat":"repeat","background-position":"center center","background-size":"auto","background-attachment":"scroll","background-type":"","background-media":"","overlay-type":"","overlay-color":"","overlay-opacity":"","overlay-gradient":""},"tablet":{"background-color":"var(--ast-global-color-5)","background-image":"","background-repeat":"repeat","background-position":"center center","background-size":"auto","background-attachment":"scroll","background-type":"","background-media":"","overlay-type":"","overlay-color":"","overlay-opacity":"","overlay-gradient":""},"mobile":{"background-color":"var(--ast-global-color-5)","background-image":"","background-repeat":"repeat","background-position":"center center","background-size":"auto","background-attachment":"scroll","background-type":"","background-media":"","overlay-type":"","overlay-color":"","overlay-opacity":"","overlay-gradient":""}},"footnotes":""},"class_list":["post-5192","page","type-page","status-publish","hentry"],"yoast_head":"<!-- This site is optimized with the Yoast SEO plugin v27.4 - https:\/\/yoast.com\/product\/yoast-seo-wordpress\/ -->\n<title>Erstinformation - NORAMCO Fonds<\/title>\n<meta name=\"robots\" content=\"index, follow, max-snippet:-1, max-image-preview:large, max-video-preview:-1\" \/>\n<link rel=\"canonical\" href=\"https:\/\/www.noramco.de\/index.php\/erstinformation\/\" \/>\n<meta property=\"og:locale\" content=\"de_DE\" \/>\n<meta property=\"og:type\" content=\"article\" \/>\n<meta property=\"og:title\" content=\"Erstinformation - NORAMCO Fonds\" \/>\n<meta property=\"og:description\" content=\"Erstinformation \/ Statusbezogene Informationen Erstinformation gem\u00e4\u00df \u00a7 34d Abs. 1 GewO- und \u00a7 34f GewO-Zulassungsinhaber gem. \u00a7 15 VersVermV und \u00a7 12 und \u00a7 12a FinVermV. 1. Name und Anschrift NORAMCO (Deutschland) GmbH Gesch\u00e4ftsf\u00fchrer: Edgar Bauschert, Cornelius Thei\u00df Nagelstra\u00dfe 14 54290 Trier Telefon: 0651 \/ 970 95 &#8211; 20 E-Mail: invest@noramco.de www.noramco.de 2. T\u00e4tigkeitsart Versicherungsvertreter [&hellip;]\" \/>\n<meta property=\"og:url\" content=\"https:\/\/www.noramco.de\/index.php\/erstinformation\/\" \/>\n<meta property=\"og:site_name\" content=\"NORAMCO Fonds\" \/>\n<meta property=\"article:modified_time\" content=\"2023-01-09T07:49:17+00:00\" \/>\n<meta name=\"twitter:card\" content=\"summary_large_image\" \/>\n<meta name=\"twitter:label1\" content=\"Gesch\u00e4tzte Lesezeit\" \/>\n\t<meta name=\"twitter:data1\" content=\"3\u00a0Minuten\" \/>\n<script type=\"application\/ld+json\" class=\"yoast-schema-graph\">{\"@context\":\"https:\\\/\\\/schema.org\",\"@graph\":[{\"@type\":\"WebPage\",\"@id\":\"https:\\\/\\\/www.noramco.de\\\/index.php\\\/erstinformation\\\/\",\"url\":\"https:\\\/\\\/www.noramco.de\\\/index.php\\\/erstinformation\\\/\",\"name\":\"Erstinformation - NORAMCO Fonds\",\"isPartOf\":{\"@id\":\"https:\\\/\\\/www.noramco.de\\\/#website\"},\"datePublished\":\"2022-07-28T14:58:16+00:00\",\"dateModified\":\"2023-01-09T07:49:17+00:00\",\"breadcrumb\":{\"@id\":\"https:\\\/\\\/www.noramco.de\\\/index.php\\\/erstinformation\\\/#breadcrumb\"},\"inLanguage\":\"de\",\"potentialAction\":[{\"@type\":\"ReadAction\",\"target\":[\"https:\\\/\\\/www.noramco.de\\\/index.php\\\/erstinformation\\\/\"]}]},{\"@type\":\"BreadcrumbList\",\"@id\":\"https:\\\/\\\/www.noramco.de\\\/index.php\\\/erstinformation\\\/#breadcrumb\",\"itemListElement\":[{\"@type\":\"ListItem\",\"position\":1,\"name\":\"Home\",\"item\":\"https:\\\/\\\/www.noramco.de\\\/\"},{\"@type\":\"ListItem\",\"position\":2,\"name\":\"Erstinformation\"}]},{\"@type\":\"WebSite\",\"@id\":\"https:\\\/\\\/www.noramco.de\\\/#website\",\"url\":\"https:\\\/\\\/www.noramco.de\\\/\",\"name\":\"NORAMCO Fonds\",\"description\":\"Aktienfonds\",\"publisher\":{\"@id\":\"https:\\\/\\\/www.noramco.de\\\/#organization\"},\"potentialAction\":[{\"@type\":\"SearchAction\",\"target\":{\"@type\":\"EntryPoint\",\"urlTemplate\":\"https:\\\/\\\/www.noramco.de\\\/?s={search_term_string}\"},\"query-input\":{\"@type\":\"PropertyValueSpecification\",\"valueRequired\":true,\"valueName\":\"search_term_string\"}}],\"inLanguage\":\"de\"},{\"@type\":\"Organization\",\"@id\":\"https:\\\/\\\/www.noramco.de\\\/#organization\",\"name\":\"NORAMCO AG\",\"url\":\"https:\\\/\\\/www.noramco.de\\\/\",\"logo\":{\"@type\":\"ImageObject\",\"inLanguage\":\"de\",\"@id\":\"https:\\\/\\\/www.noramco.de\\\/#\\\/schema\\\/logo\\\/image\\\/\",\"url\":\"https:\\\/\\\/www.noramco.de\\\/wp-content\\\/uploads\\\/2020\\\/12\\\/cropped-Logo_Noramco_4c_quadrat-01.png\",\"contentUrl\":\"https:\\\/\\\/www.noramco.de\\\/wp-content\\\/uploads\\\/2020\\\/12\\\/cropped-Logo_Noramco_4c_quadrat-01.png\",\"width\":263,\"height\":263,\"caption\":\"NORAMCO AG\"},\"image\":{\"@id\":\"https:\\\/\\\/www.noramco.de\\\/#\\\/schema\\\/logo\\\/image\\\/\"}}]}<\/script>\n<!-- \/ Yoast SEO plugin. -->","yoast_head_json":{"title":"Erstinformation - NORAMCO Fonds","robots":{"index":"index","follow":"follow","max-snippet":"max-snippet:-1","max-image-preview":"max-image-preview:large","max-video-preview":"max-video-preview:-1"},"canonical":"https:\/\/www.noramco.de\/index.php\/erstinformation\/","og_locale":"de_DE","og_type":"article","og_title":"Erstinformation - NORAMCO Fonds","og_description":"Erstinformation \/ Statusbezogene Informationen Erstinformation gem\u00e4\u00df \u00a7 34d Abs. 1 GewO- und \u00a7 34f GewO-Zulassungsinhaber gem. \u00a7 15 VersVermV und \u00a7 12 und \u00a7 12a FinVermV. 1. Name und Anschrift NORAMCO (Deutschland) GmbH Gesch\u00e4ftsf\u00fchrer: Edgar Bauschert, Cornelius Thei\u00df Nagelstra\u00dfe 14 54290 Trier Telefon: 0651 \/ 970 95 &#8211; 20 E-Mail: invest@noramco.de www.noramco.de 2. T\u00e4tigkeitsart Versicherungsvertreter [&hellip;]","og_url":"https:\/\/www.noramco.de\/index.php\/erstinformation\/","og_site_name":"NORAMCO Fonds","article_modified_time":"2023-01-09T07:49:17+00:00","twitter_card":"summary_large_image","twitter_misc":{"Gesch\u00e4tzte Lesezeit":"3\u00a0Minuten"},"schema":{"@context":"https:\/\/schema.org","@graph":[{"@type":"WebPage","@id":"https:\/\/www.noramco.de\/index.php\/erstinformation\/","url":"https:\/\/www.noramco.de\/index.php\/erstinformation\/","name":"Erstinformation - NORAMCO Fonds","isPartOf":{"@id":"https:\/\/www.noramco.de\/#website"},"datePublished":"2022-07-28T14:58:16+00:00","dateModified":"2023-01-09T07:49:17+00:00","breadcrumb":{"@id":"https:\/\/www.noramco.de\/index.php\/erstinformation\/#breadcrumb"},"inLanguage":"de","potentialAction":[{"@type":"ReadAction","target":["https:\/\/www.noramco.de\/index.php\/erstinformation\/"]}]},{"@type":"BreadcrumbList","@id":"https:\/\/www.noramco.de\/index.php\/erstinformation\/#breadcrumb","itemListElement":[{"@type":"ListItem","position":1,"name":"Home","item":"https:\/\/www.noramco.de\/"},{"@type":"ListItem","position":2,"name":"Erstinformation"}]},{"@type":"WebSite","@id":"https:\/\/www.noramco.de\/#website","url":"https:\/\/www.noramco.de\/","name":"NORAMCO Fonds","description":"Aktienfonds","publisher":{"@id":"https:\/\/www.noramco.de\/#organization"},"potentialAction":[{"@type":"SearchAction","target":{"@type":"EntryPoint","urlTemplate":"https:\/\/www.noramco.de\/?s={search_term_string}"},"query-input":{"@type":"PropertyValueSpecification","valueRequired":true,"valueName":"search_term_string"}}],"inLanguage":"de"},{"@type":"Organization","@id":"https:\/\/www.noramco.de\/#organization","name":"NORAMCO AG","url":"https:\/\/www.noramco.de\/","logo":{"@type":"ImageObject","inLanguage":"de","@id":"https:\/\/www.noramco.de\/#\/schema\/logo\/image\/","url":"https:\/\/www.noramco.de\/wp-content\/uploads\/2020\/12\/cropped-Logo_Noramco_4c_quadrat-01.png","contentUrl":"https:\/\/www.noramco.de\/wp-content\/uploads\/2020\/12\/cropped-Logo_Noramco_4c_quadrat-01.png","width":263,"height":263,"caption":"NORAMCO AG"},"image":{"@id":"https:\/\/www.noramco.de\/#\/schema\/logo\/image\/"}}]}},"_links":{"self":[{"href":"https:\/\/www.noramco.de\/index.php\/wp-json\/wp\/v2\/pages\/5192","targetHints":{"allow":["GET"]}}],"collection":[{"href":"https:\/\/www.noramco.de\/index.php\/wp-json\/wp\/v2\/pages"}],"about":[{"href":"https:\/\/www.noramco.de\/index.php\/wp-json\/wp\/v2\/types\/page"}],"author":[{"embeddable":true,"href":"https:\/\/www.noramco.de\/index.php\/wp-json\/wp\/v2\/users\/1"}],"replies":[{"embeddable":true,"href":"https:\/\/www.noramco.de\/index.php\/wp-json\/wp\/v2\/comments?post=5192"}],"version-history":[{"count":14,"href":"https:\/\/www.noramco.de\/index.php\/wp-json\/wp\/v2\/pages\/5192\/revisions"}],"predecessor-version":[{"id":5848,"href":"https:\/\/www.noramco.de\/index.php\/wp-json\/wp\/v2\/pages\/5192\/revisions\/5848"}],"wp:attachment":[{"href":"https:\/\/www.noramco.de\/index.php\/wp-json\/wp\/v2\/media?parent=5192"}],"curies":[{"name":"wp","href":"https:\/\/api.w.org\/{rel}","templated":true}]}}