{"id":6015,"date":"2023-02-08T12:04:00","date_gmt":"2023-02-08T11:04:00","guid":{"rendered":"https:\/\/www.noramco.de\/?page_id=6015"},"modified":"2023-02-08T12:12:48","modified_gmt":"2023-02-08T11:12:48","slug":"nachhaltigkeitsrisiken","status":"publish","type":"page","link":"https:\/\/www.noramco.de\/index.php\/nachhaltigkeitsrisiken\/","title":{"rendered":"Nachhaltigkeitsrisiken"},"content":{"rendered":"\t\t<div data-elementor-type=\"wp-page\" data-elementor-id=\"6015\" class=\"elementor elementor-6015\">\n\t\t\t\t\t\t<section class=\"elementor-section elementor-top-section elementor-element elementor-element-bffd7a0 elementor-section-boxed elementor-section-height-default elementor-section-height-default\" data-id=\"bffd7a0\" data-element_type=\"section\" data-e-type=\"section\">\n\t\t\t\t\t\t<div class=\"elementor-container elementor-column-gap-default\">\n\t\t\t\t\t<div class=\"elementor-column elementor-col-100 elementor-top-column elementor-element elementor-element-7ac663c7\" data-id=\"7ac663c7\" data-element_type=\"column\" data-e-type=\"column\">\n\t\t\t<div class=\"elementor-widget-wrap elementor-element-populated\">\n\t\t\t\t\t\t<div class=\"elementor-element elementor-element-3fdb7d40 elementor-widget elementor-widget-heading\" data-id=\"3fdb7d40\" data-element_type=\"widget\" data-e-type=\"widget\" data-widget_type=\"heading.default\">\n\t\t\t\t<div class=\"elementor-widget-container\">\n\t\t\t\t\t<h1 class=\"elementor-heading-title elementor-size-default\">Informationen \u00fcber Nachhaltigkeitsrisiken bei Finanzprodukten<\/h1>\t\t\t\t<\/div>\n\t\t\t\t<\/div>\n\t\t\t\t<div class=\"elementor-element elementor-element-30a9aa37 elementor-widget elementor-widget-heading\" data-id=\"30a9aa37\" data-element_type=\"widget\" data-e-type=\"widget\" data-widget_type=\"heading.default\">\n\t\t\t\t<div class=\"elementor-widget-container\">\n\t\t\t\t\t<h2 class=\"elementor-heading-title elementor-size-default\">Was sind Nachhaltigkeitsrisiken?<\/h2>\t\t\t\t<\/div>\n\t\t\t\t<\/div>\n\t\t\t\t<div class=\"elementor-element elementor-element-5550fc03 elementor-widget elementor-widget-text-editor\" data-id=\"5550fc03\" data-element_type=\"widget\" data-e-type=\"widget\" data-widget_type=\"text-editor.default\">\n\t\t\t\t<div class=\"elementor-widget-container\">\n\t\t\t\t\t\t\t\t\t<p>Als Nachhaltigkeitsrisiken (ESG-Risiken) werden Ereignisse oder Bedingungen aus den drei Bereichen Umwelt (<strong>E<\/strong>nvironment), Soziales (<strong>S<\/strong>ocial) und Unternehmensf\u00fchrung (<strong>G<\/strong>overnance) bezeichnet, deren Eintreten negative Auswirkungen auf den Wert der Investition bzw. Anlage haben k\u00f6nnten. Diese Risiken k\u00f6nnen einzelne Unternehmen genauso wie ganze Branchen oder Regionen betreffen.<\/p>\t\t\t\t\t\t\t\t<\/div>\n\t\t\t\t<\/div>\n\t\t\t\t<div class=\"elementor-element elementor-element-6a59181 elementor-widget elementor-widget-heading\" data-id=\"6a59181\" data-element_type=\"widget\" data-e-type=\"widget\" data-widget_type=\"heading.default\">\n\t\t\t\t<div class=\"elementor-widget-container\">\n\t\t\t\t\t<h2 class=\"elementor-heading-title elementor-size-default\">Was gibt es f\u00fcr Beispiele f\u00fcr Nachhaltigkeitsrisiken in den drei Bereichen?<\/h2>\t\t\t\t<\/div>\n\t\t\t\t<\/div>\n\t\t\t\t<div class=\"elementor-element elementor-element-3bd87f71 elementor-widget elementor-widget-text-editor\" data-id=\"3bd87f71\" data-element_type=\"widget\" data-e-type=\"widget\" data-widget_type=\"text-editor.default\">\n\t\t\t\t<div class=\"elementor-widget-container\">\n\t\t\t\t\t\t\t\t\t<ul><li><strong>Umwelt<\/strong>: In Folge des Klimawandels k\u00f6nnten vermehrt auftretende Extremwetterereignisse ein Risiko darstellen. Dieses Risiko wird auch physisches Risiko genannt. Ein Beispiel hierf\u00fcr w\u00e4re eine extreme Trockenperiode in einer bestimmten Region. Dadurch k\u00f6nnten Pegel von Transportwegen wie Fl\u00fcssen so weit sinken, dass der Transport von Waren beeintr\u00e4chtigt werden k\u00f6nnte.<\/li><li><strong>Soziales<\/strong>: Im Bereich des Sozialen k\u00f6nnten sich Risiken zum Beispiel aus der Nichteinhaltung von arbeitsrechtlichen Standards oder des Gesundheitsschutzes ergeben.<\/li><li><strong>Unternehmensf\u00fchrung<\/strong>: Beispiele f\u00fcr Risiken im Bereich der Unternehmensf\u00fchrung sind etwa die Nichteinhaltung der Steuerehrlichkeit oder Korruption in Unternehmen.<\/li><\/ul>\t\t\t\t\t\t\t\t<\/div>\n\t\t\t\t<\/div>\n\t\t\t\t<div class=\"elementor-element elementor-element-72d94604 elementor-widget elementor-widget-heading\" data-id=\"72d94604\" data-element_type=\"widget\" data-e-type=\"widget\" data-widget_type=\"heading.default\">\n\t\t\t\t<div class=\"elementor-widget-container\">\n\t\t\t\t\t<h2 class=\"elementor-heading-title elementor-size-default\">Information zur Einbeziehung von Nachhaltigkeitsrisiken bei der Beratungst\u00e4tigkeit (Art. 3 TVO)<\/h2>\t\t\t\t<\/div>\n\t\t\t\t<\/div>\n\t\t\t\t<div class=\"elementor-element elementor-element-24020e0a elementor-widget elementor-widget-text-editor\" data-id=\"24020e0a\" data-element_type=\"widget\" data-e-type=\"widget\" data-widget_type=\"text-editor.default\">\n\t\t\t\t<div class=\"elementor-widget-container\">\n\t\t\t\t\t\t\t\t\t<p>Um Nachhaltigkeitsrisiken bei der Beratung einzubeziehen, werden im Rahmen der Auswahl von Anbietern (Finanzmarktteilnehmern) und deren Finanzprodukten deren zur Verf\u00fcgung gestellte Informationen ber\u00fccksichtigt.<\/p><p>\u00a0<\/p><p>Anbieter, die erkennbar keine Strategie zur Einbeziehung von Nachhaltigkeitsrisiken in ihre Investitionsentscheidungen haben, werden ggf. nicht angeboten.<\/p><p>\u00a0<\/p><p>Im Rahmen der Beratung wird ggf. gesondert dargestellt, wenn die Ber\u00fccksichtigung der Nachhaltigkeitsrisiken bei der Investmententscheidung erkennbare Vor- bzw. Nachteile f\u00fcr den Kunden bedeutet.<\/p><p>\u00dcber die Ber\u00fccksichtigung von Nachhaltigkeitsrisiken bei Investitionsentscheidungen des jeweiligen Anbieters informiert dieser mit seinen vorvertraglichen Informationen. Fragen dazu kann der Kunde im Vorfeld eines m\u00f6glichen Abschlusses ansprechen.<\/p>\t\t\t\t\t\t\t\t<\/div>\n\t\t\t\t<\/div>\n\t\t\t\t<div class=\"elementor-element elementor-element-32cb3acd elementor-widget elementor-widget-heading\" data-id=\"32cb3acd\" data-element_type=\"widget\" data-e-type=\"widget\" data-widget_type=\"heading.default\">\n\t\t\t\t<div class=\"elementor-widget-container\">\n\t\t\t\t\t<h2 class=\"elementor-heading-title elementor-size-default\">Information zur Ber\u00fccksichtigung nachteiliger Auswirkungen auf Nachhaltigkeitsfaktoren (Art. 4 TVO in Verbindung mit Art. 11 der Erg\u00e4nzung zur TVO vom 01. Januar 2023)<\/h2>\t\t\t\t<\/div>\n\t\t\t\t<\/div>\n\t\t\t\t<div class=\"elementor-element elementor-element-3a962e4e elementor-widget elementor-widget-heading\" data-id=\"3a962e4e\" data-element_type=\"widget\" data-e-type=\"widget\" data-widget_type=\"heading.default\">\n\t\t\t\t<div class=\"elementor-widget-container\">\n\t\t\t\t\t<h3 class=\"elementor-heading-title elementor-size-default\">Erkl\u00e4rung \u00fcber die Ber\u00fccksichtigung der wichtigsten nachteiligen Auswirkungen auf Nachhaltigkeitsfaktoren bei der Anlage- und Versicherungsberatung:<\/h3>\t\t\t\t<\/div>\n\t\t\t\t<\/div>\n\t\t\t\t<div class=\"elementor-element elementor-element-292066b8 elementor-widget elementor-widget-text-editor\" data-id=\"292066b8\" data-element_type=\"widget\" data-e-type=\"widget\" data-widget_type=\"text-editor.default\">\n\t\t\t\t<div class=\"elementor-widget-container\">\n\t\t\t\t\t\t\t\t\t<p>Bei der Beratung ist es unser Ziel, Ihnen ein geeignetes Anlage-\/Versicherungsanlageprodukt empfehlen zu k\u00f6nnen. Dabei ber\u00fccksichtigen wir auch Ihre Nachhaltigkeitspr\u00e4ferenzen, sofern Sie dies w\u00fcnschen. Hierbei k\u00f6nnen Sie festlegen, ob bei Ihrer Anlage \u00f6kologische und\/oder soziale Werte sowie Grunds\u00e4tze guter Unternehmensf\u00fchrung und\/oder die wichtigsten nachteiligen Auswirkungen von Investitionsentscheidungen auf Nachhaltigkeitsfaktoren ber\u00fccksichtigt werden sollen. Der Gesetzgeber hat je nach Art des Anlageziels (Investition in Unternehmen, Staaten, Immobilien etc.) in folgenden Bereichen \u201eIndikatoren\u201c f\u00fcr die wichtigsten nachteiligen Auswirkungen ihrer Investitionsentscheidungen auf Nachhaltigkeitsfaktoren bestimmt:<\/p>\t\t\t\t\t\t\t\t<\/div>\n\t\t\t\t<\/div>\n\t\t\t\t<div class=\"elementor-element elementor-element-371279c3 elementor-widget elementor-widget-text-editor\" data-id=\"371279c3\" data-element_type=\"widget\" data-e-type=\"widget\" data-widget_type=\"text-editor.default\">\n\t\t\t\t<div class=\"elementor-widget-container\">\n\t\t\t\t\t\t\t\t\t<ul><li>Umwelt-, Sozial- und Arbeitnehmerbelange<\/li><li>Die Achtung der Menschenrechte<\/li><li>Die Bek\u00e4mpfung von Korruption und Bestechung.<\/li><\/ul>\t\t\t\t\t\t\t\t<\/div>\n\t\t\t\t<\/div>\n\t\t\t\t<div class=\"elementor-element elementor-element-f422573 elementor-widget elementor-widget-text-editor\" data-id=\"f422573\" data-element_type=\"widget\" data-e-type=\"widget\" data-widget_type=\"text-editor.default\">\n\t\t\t\t<div class=\"elementor-widget-container\">\n\t\t\t\t\t\t\t\t\t<p>Die Produktanbieter sind gesetzlich verpflichtet, eine Erkl\u00e4rung zu ver\u00f6ffentlichen, welche Strategie sie in Bezug auf die Ber\u00fccksichtigung der wichtigsten nachteiligen Auswirkungen und den Umgang damit verfolgen. Dies bezieht sich insbesondere auf Treibhausgasemissionen, Wasserverbrauch, Biodiversit\u00e4t, Abfall, Soziales und Arbeitnehmerbelange (einschlie\u00dflich Menschenrechte und Korruption). Wenn Sie sich dazu entscheiden, dass die wichtigsten nachteiligen Auswirkungen Ihrer Investitionsentscheidungen auf Nachhaltigkeitsfaktoren bei der Produktauswahl ber\u00fccksichtigt werden sollen, beachten wir im Rahmen des Auswahlprozesses die von den Produktanbietern bereitgestellten Informationen sowie die von den Produktanbietern dargelegten Strategien.<\/p>\t\t\t\t\t\t\t\t<\/div>\n\t\t\t\t<\/div>\n\t\t\t\t<div class=\"elementor-element elementor-element-4e69164 elementor-widget elementor-widget-text-editor\" data-id=\"4e69164\" data-element_type=\"widget\" data-e-type=\"widget\" data-widget_type=\"text-editor.default\">\n\t\t\t\t<div class=\"elementor-widget-container\">\n\t\t\t\t\t\t\t\t\t<p>Eigene Einstufungs- und Auswahlmethoden zu den Informationen der Produktanbieter wenden wir nicht an. Es erfolgt keine gesonderte Pr\u00fcfung der Angaben der Produktanbieter in Hinblick auf ihre Plausibilit\u00e4t.<\/p>\t\t\t\t\t\t\t\t<\/div>\n\t\t\t\t<\/div>\n\t\t\t\t<div class=\"elementor-element elementor-element-749fe553 elementor-widget elementor-widget-heading\" data-id=\"749fe553\" data-element_type=\"widget\" data-e-type=\"widget\" data-widget_type=\"heading.default\">\n\t\t\t\t<div class=\"elementor-widget-container\">\n\t\t\t\t\t<h2 class=\"elementor-heading-title elementor-size-default\">Informationen zur Verg\u00fctungspolitik bei der Ber\u00fccksichtigung von Nachhaltigkeitsrisiken (Art. 5 TVO)<\/h2>\t\t\t\t<\/div>\n\t\t\t\t<\/div>\n\t\t\t\t<div class=\"elementor-element elementor-element-579ae3b6 elementor-widget elementor-widget-text-editor\" data-id=\"579ae3b6\" data-element_type=\"widget\" data-e-type=\"widget\" data-widget_type=\"text-editor.default\">\n\t\t\t\t<div class=\"elementor-widget-container\">\n\t\t\t\t\t\t\t\t\t<p>Die Verg\u00fctung f\u00fcr die Vermittlung von Finanzprodukten wird nicht von den jeweiligen Nachhaltigkeitsrisiken beeinflusst.<\/p>\t\t\t\t\t\t\t\t<\/div>\n\t\t\t\t<\/div>\n\t\t\t\t<div class=\"elementor-element elementor-element-15eac278 elementor-widget-divider--separator-type-pattern elementor-widget-divider--view-line elementor-widget elementor-widget-divider\" data-id=\"15eac278\" data-element_type=\"widget\" data-e-type=\"widget\" data-widget_type=\"divider.default\">\n\t\t\t\t<div class=\"elementor-widget-container\">\n\t\t\t\t\t\t\t<div class=\"elementor-divider\" style=\"--divider-pattern-url: url(&quot;data:image\/svg+xml,%3Csvg xmlns=&#039;http:\/\/www.w3.org\/2000\/svg&#039; preserveAspectRatio=&#039;none&#039; overflow=&#039;visible&#039; height=&#039;100%&#039; viewBox=&#039;0 0 24 24&#039; fill=&#039;none&#039; stroke=&#039;black&#039; stroke-width=&#039;2&#039; stroke-linecap=&#039;square&#039; stroke-miterlimit=&#039;10&#039;%3E%3Cpath d=&#039;M0,6c6,0,6,13,12,13S18,6,24,6&#039;\/%3E%3C\/svg%3E&quot;);\">\n\t\t\t<span class=\"elementor-divider-separator\">\n\t\t\t\t\t\t<\/span>\n\t\t<\/div>\n\t\t\t\t\t\t<\/div>\n\t\t\t\t<\/div>\n\t\t\t\t<div class=\"elementor-element elementor-element-169fc8ed elementor-widget elementor-widget-heading\" data-id=\"169fc8ed\" data-element_type=\"widget\" data-e-type=\"widget\" data-widget_type=\"heading.default\">\n\t\t\t\t<div class=\"elementor-widget-container\">\n\t\t\t\t\t<h1 class=\"elementor-heading-title elementor-size-default\">F\u00fcr die Beratungsdokumentation<\/h1>\t\t\t\t<\/div>\n\t\t\t\t<\/div>\n\t\t\t\t<div class=\"elementor-element elementor-element-19aed39f elementor-widget elementor-widget-heading\" data-id=\"19aed39f\" data-element_type=\"widget\" data-e-type=\"widget\" data-widget_type=\"heading.default\">\n\t\t\t\t<div class=\"elementor-widget-container\">\n\t\t\t\t\t<h2 class=\"elementor-heading-title elementor-size-default\">Vorvertragliche Information zur Ber\u00fccksichtigung von Nachhaltigkeitsrisiken im Beratungsprozess (Art. 6 TVO)<\/h2>\t\t\t\t<\/div>\n\t\t\t\t<\/div>\n\t\t\t\t<div class=\"elementor-element elementor-element-477df70 elementor-widget elementor-widget-text-editor\" data-id=\"477df70\" data-element_type=\"widget\" data-e-type=\"widget\" data-widget_type=\"text-editor.default\">\n\t\t\t\t<div class=\"elementor-widget-container\">\n\t\t\t\t\t\t\t\t\t<p>Bei der Beratung zu Finanzprodukten werden Nachhaltigkeitsrisiken einbezogen, indem die vorvertraglichen Informationen des Anbieters verwendet werden. Trotz der Ber\u00fccksichtigung von Nachhaltigkeitsrisiken kann nicht ausgeschlossen werden, dass sich der Eintritt von Nachhaltigkeitsrisiken negativ auf die Rendite des Finanzproduktes auswirkt. Zurzeit kann zudem eine Ber\u00fccksichtigung auf Grund sich aufbauender, aber aktuell noch ggf. rudiment\u00e4rer Informationen durch die Anbieter lediglich bedingt erfolgen.<\/p>\t\t\t\t\t\t\t\t<\/div>\n\t\t\t\t<\/div>\n\t\t\t\t\t<\/div>\n\t\t<\/div>\n\t\t\t\t\t<\/div>\n\t\t<\/section>\n\t\t\t\t<\/div>\n\t\t","protected":false},"excerpt":{"rendered":"<p>Informationen \u00fcber Nachhaltigkeitsrisiken bei Finanzprodukten Was sind Nachhaltigkeitsrisiken? Als Nachhaltigkeitsrisiken (ESG-Risiken) werden Ereignisse oder Bedingungen aus den drei Bereichen Umwelt (Environment), Soziales (Social) und Unternehmensf\u00fchrung (Governance) bezeichnet, deren Eintreten negative Auswirkungen auf den Wert der Investition bzw. Anlage haben k\u00f6nnten. Diese Risiken k\u00f6nnen einzelne Unternehmen genauso wie ganze Branchen oder Regionen betreffen. Was gibt es [&hellip;]<\/p>\n","protected":false},"author":1,"featured_media":0,"parent":0,"menu_order":0,"comment_status":"closed","ping_status":"closed","template":"","meta":{"site-sidebar-layout":"no-sidebar","site-content-layout":"page-builder","ast-site-content-layout":"default","site-content-style":"default","site-sidebar-style":"default","ast-global-header-display":"","ast-banner-title-visibility":"","ast-main-header-display":"","ast-hfb-above-header-display":"","ast-hfb-below-header-display":"","ast-hfb-mobile-header-display":"","site-post-title":"disabled","ast-breadcrumbs-content":"","ast-featured-img":"disabled","footer-sml-layout":"","ast-disable-related-posts":"","theme-transparent-header-meta":"","adv-header-id-meta":"","stick-header-meta":"","header-above-stick-meta":"","header-main-stick-meta":"","header-below-stick-meta":"","astra-migrate-meta-layouts":"default","ast-page-background-enabled":"default","ast-page-background-meta":{"desktop":{"background-color":"","background-image":"","background-repeat":"repeat","background-position":"center center","background-size":"auto","background-attachment":"scroll","background-type":"","background-media":"","overlay-type":"","overlay-color":"","overlay-opacity":"","overlay-gradient":""},"tablet":{"background-color":"","background-image":"","background-repeat":"repeat","background-position":"center center","background-size":"auto","background-attachment":"scroll","background-type":"","background-media":"","overlay-type":"","overlay-color":"","overlay-opacity":"","overlay-gradient":""},"mobile":{"background-color":"","background-image":"","background-repeat":"repeat","background-position":"center center","background-size":"auto","background-attachment":"scroll","background-type":"","background-media":"","overlay-type":"","overlay-color":"","overlay-opacity":"","overlay-gradient":""}},"ast-content-background-meta":{"desktop":{"background-color":"var(--ast-global-color-5)","background-image":"","background-repeat":"repeat","background-position":"center center","background-size":"auto","background-attachment":"scroll","background-type":"","background-media":"","overlay-type":"","overlay-color":"","overlay-opacity":"","overlay-gradient":""},"tablet":{"background-color":"var(--ast-global-color-5)","background-image":"","background-repeat":"repeat","background-position":"center center","background-size":"auto","background-attachment":"scroll","background-type":"","background-media":"","overlay-type":"","overlay-color":"","overlay-opacity":"","overlay-gradient":""},"mobile":{"background-color":"var(--ast-global-color-5)","background-image":"","background-repeat":"repeat","background-position":"center center","background-size":"auto","background-attachment":"scroll","background-type":"","background-media":"","overlay-type":"","overlay-color":"","overlay-opacity":"","overlay-gradient":""}},"footnotes":""},"class_list":["post-6015","page","type-page","status-publish","hentry"],"yoast_head":"<!-- This site is optimized with the Yoast SEO plugin v27.4 - https:\/\/yoast.com\/product\/yoast-seo-wordpress\/ -->\n<title>Nachhaltigkeitsrisiken - NORAMCO Fonds<\/title>\n<meta name=\"robots\" content=\"index, follow, max-snippet:-1, max-image-preview:large, max-video-preview:-1\" \/>\n<link rel=\"canonical\" href=\"https:\/\/www.noramco.de\/index.php\/nachhaltigkeitsrisiken\/\" \/>\n<meta property=\"og:locale\" content=\"de_DE\" \/>\n<meta property=\"og:type\" content=\"article\" \/>\n<meta property=\"og:title\" content=\"Nachhaltigkeitsrisiken - NORAMCO Fonds\" \/>\n<meta property=\"og:description\" content=\"Informationen \u00fcber Nachhaltigkeitsrisiken bei Finanzprodukten Was sind Nachhaltigkeitsrisiken? Als Nachhaltigkeitsrisiken (ESG-Risiken) werden Ereignisse oder Bedingungen aus den drei Bereichen Umwelt (Environment), Soziales (Social) und Unternehmensf\u00fchrung (Governance) bezeichnet, deren Eintreten negative Auswirkungen auf den Wert der Investition bzw. Anlage haben k\u00f6nnten. Diese Risiken k\u00f6nnen einzelne Unternehmen genauso wie ganze Branchen oder Regionen betreffen. Was gibt es [&hellip;]\" \/>\n<meta property=\"og:url\" content=\"https:\/\/www.noramco.de\/index.php\/nachhaltigkeitsrisiken\/\" \/>\n<meta property=\"og:site_name\" content=\"NORAMCO Fonds\" \/>\n<meta property=\"article:modified_time\" content=\"2023-02-08T11:12:48+00:00\" \/>\n<meta name=\"twitter:card\" content=\"summary_large_image\" \/>\n<meta name=\"twitter:label1\" content=\"Gesch\u00e4tzte Lesezeit\" \/>\n\t<meta name=\"twitter:data1\" content=\"4\u00a0Minuten\" \/>\n<script type=\"application\/ld+json\" class=\"yoast-schema-graph\">{\"@context\":\"https:\\\/\\\/schema.org\",\"@graph\":[{\"@type\":\"WebPage\",\"@id\":\"https:\\\/\\\/www.noramco.de\\\/index.php\\\/nachhaltigkeitsrisiken\\\/\",\"url\":\"https:\\\/\\\/www.noramco.de\\\/index.php\\\/nachhaltigkeitsrisiken\\\/\",\"name\":\"Nachhaltigkeitsrisiken - NORAMCO Fonds\",\"isPartOf\":{\"@id\":\"https:\\\/\\\/www.noramco.de\\\/#website\"},\"datePublished\":\"2023-02-08T11:04:00+00:00\",\"dateModified\":\"2023-02-08T11:12:48+00:00\",\"breadcrumb\":{\"@id\":\"https:\\\/\\\/www.noramco.de\\\/index.php\\\/nachhaltigkeitsrisiken\\\/#breadcrumb\"},\"inLanguage\":\"de\",\"potentialAction\":[{\"@type\":\"ReadAction\",\"target\":[\"https:\\\/\\\/www.noramco.de\\\/index.php\\\/nachhaltigkeitsrisiken\\\/\"]}]},{\"@type\":\"BreadcrumbList\",\"@id\":\"https:\\\/\\\/www.noramco.de\\\/index.php\\\/nachhaltigkeitsrisiken\\\/#breadcrumb\",\"itemListElement\":[{\"@type\":\"ListItem\",\"position\":1,\"name\":\"Home\",\"item\":\"https:\\\/\\\/www.noramco.de\\\/\"},{\"@type\":\"ListItem\",\"position\":2,\"name\":\"Nachhaltigkeitsrisiken\"}]},{\"@type\":\"WebSite\",\"@id\":\"https:\\\/\\\/www.noramco.de\\\/#website\",\"url\":\"https:\\\/\\\/www.noramco.de\\\/\",\"name\":\"NORAMCO Fonds\",\"description\":\"Aktienfonds\",\"publisher\":{\"@id\":\"https:\\\/\\\/www.noramco.de\\\/#organization\"},\"potentialAction\":[{\"@type\":\"SearchAction\",\"target\":{\"@type\":\"EntryPoint\",\"urlTemplate\":\"https:\\\/\\\/www.noramco.de\\\/?s={search_term_string}\"},\"query-input\":{\"@type\":\"PropertyValueSpecification\",\"valueRequired\":true,\"valueName\":\"search_term_string\"}}],\"inLanguage\":\"de\"},{\"@type\":\"Organization\",\"@id\":\"https:\\\/\\\/www.noramco.de\\\/#organization\",\"name\":\"NORAMCO AG\",\"url\":\"https:\\\/\\\/www.noramco.de\\\/\",\"logo\":{\"@type\":\"ImageObject\",\"inLanguage\":\"de\",\"@id\":\"https:\\\/\\\/www.noramco.de\\\/#\\\/schema\\\/logo\\\/image\\\/\",\"url\":\"https:\\\/\\\/www.noramco.de\\\/wp-content\\\/uploads\\\/2020\\\/12\\\/cropped-Logo_Noramco_4c_quadrat-01.png\",\"contentUrl\":\"https:\\\/\\\/www.noramco.de\\\/wp-content\\\/uploads\\\/2020\\\/12\\\/cropped-Logo_Noramco_4c_quadrat-01.png\",\"width\":263,\"height\":263,\"caption\":\"NORAMCO AG\"},\"image\":{\"@id\":\"https:\\\/\\\/www.noramco.de\\\/#\\\/schema\\\/logo\\\/image\\\/\"}}]}<\/script>\n<!-- \/ Yoast SEO plugin. -->","yoast_head_json":{"title":"Nachhaltigkeitsrisiken - NORAMCO Fonds","robots":{"index":"index","follow":"follow","max-snippet":"max-snippet:-1","max-image-preview":"max-image-preview:large","max-video-preview":"max-video-preview:-1"},"canonical":"https:\/\/www.noramco.de\/index.php\/nachhaltigkeitsrisiken\/","og_locale":"de_DE","og_type":"article","og_title":"Nachhaltigkeitsrisiken - NORAMCO Fonds","og_description":"Informationen \u00fcber Nachhaltigkeitsrisiken bei Finanzprodukten Was sind Nachhaltigkeitsrisiken? Als Nachhaltigkeitsrisiken (ESG-Risiken) werden Ereignisse oder Bedingungen aus den drei Bereichen Umwelt (Environment), Soziales (Social) und Unternehmensf\u00fchrung (Governance) bezeichnet, deren Eintreten negative Auswirkungen auf den Wert der Investition bzw. Anlage haben k\u00f6nnten. Diese Risiken k\u00f6nnen einzelne Unternehmen genauso wie ganze Branchen oder Regionen betreffen. Was gibt es [&hellip;]","og_url":"https:\/\/www.noramco.de\/index.php\/nachhaltigkeitsrisiken\/","og_site_name":"NORAMCO Fonds","article_modified_time":"2023-02-08T11:12:48+00:00","twitter_card":"summary_large_image","twitter_misc":{"Gesch\u00e4tzte Lesezeit":"4\u00a0Minuten"},"schema":{"@context":"https:\/\/schema.org","@graph":[{"@type":"WebPage","@id":"https:\/\/www.noramco.de\/index.php\/nachhaltigkeitsrisiken\/","url":"https:\/\/www.noramco.de\/index.php\/nachhaltigkeitsrisiken\/","name":"Nachhaltigkeitsrisiken - NORAMCO Fonds","isPartOf":{"@id":"https:\/\/www.noramco.de\/#website"},"datePublished":"2023-02-08T11:04:00+00:00","dateModified":"2023-02-08T11:12:48+00:00","breadcrumb":{"@id":"https:\/\/www.noramco.de\/index.php\/nachhaltigkeitsrisiken\/#breadcrumb"},"inLanguage":"de","potentialAction":[{"@type":"ReadAction","target":["https:\/\/www.noramco.de\/index.php\/nachhaltigkeitsrisiken\/"]}]},{"@type":"BreadcrumbList","@id":"https:\/\/www.noramco.de\/index.php\/nachhaltigkeitsrisiken\/#breadcrumb","itemListElement":[{"@type":"ListItem","position":1,"name":"Home","item":"https:\/\/www.noramco.de\/"},{"@type":"ListItem","position":2,"name":"Nachhaltigkeitsrisiken"}]},{"@type":"WebSite","@id":"https:\/\/www.noramco.de\/#website","url":"https:\/\/www.noramco.de\/","name":"NORAMCO Fonds","description":"Aktienfonds","publisher":{"@id":"https:\/\/www.noramco.de\/#organization"},"potentialAction":[{"@type":"SearchAction","target":{"@type":"EntryPoint","urlTemplate":"https:\/\/www.noramco.de\/?s={search_term_string}"},"query-input":{"@type":"PropertyValueSpecification","valueRequired":true,"valueName":"search_term_string"}}],"inLanguage":"de"},{"@type":"Organization","@id":"https:\/\/www.noramco.de\/#organization","name":"NORAMCO AG","url":"https:\/\/www.noramco.de\/","logo":{"@type":"ImageObject","inLanguage":"de","@id":"https:\/\/www.noramco.de\/#\/schema\/logo\/image\/","url":"https:\/\/www.noramco.de\/wp-content\/uploads\/2020\/12\/cropped-Logo_Noramco_4c_quadrat-01.png","contentUrl":"https:\/\/www.noramco.de\/wp-content\/uploads\/2020\/12\/cropped-Logo_Noramco_4c_quadrat-01.png","width":263,"height":263,"caption":"NORAMCO AG"},"image":{"@id":"https:\/\/www.noramco.de\/#\/schema\/logo\/image\/"}}]}},"_links":{"self":[{"href":"https:\/\/www.noramco.de\/index.php\/wp-json\/wp\/v2\/pages\/6015","targetHints":{"allow":["GET"]}}],"collection":[{"href":"https:\/\/www.noramco.de\/index.php\/wp-json\/wp\/v2\/pages"}],"about":[{"href":"https:\/\/www.noramco.de\/index.php\/wp-json\/wp\/v2\/types\/page"}],"author":[{"embeddable":true,"href":"https:\/\/www.noramco.de\/index.php\/wp-json\/wp\/v2\/users\/1"}],"replies":[{"embeddable":true,"href":"https:\/\/www.noramco.de\/index.php\/wp-json\/wp\/v2\/comments?post=6015"}],"version-history":[{"count":5,"href":"https:\/\/www.noramco.de\/index.php\/wp-json\/wp\/v2\/pages\/6015\/revisions"}],"predecessor-version":[{"id":6020,"href":"https:\/\/www.noramco.de\/index.php\/wp-json\/wp\/v2\/pages\/6015\/revisions\/6020"}],"wp:attachment":[{"href":"https:\/\/www.noramco.de\/index.php\/wp-json\/wp\/v2\/media?parent=6015"}],"curies":[{"name":"wp","href":"https:\/\/api.w.org\/{rel}","templated":true}]}}