{"id":686,"date":"2020-12-22T12:08:40","date_gmt":"2020-12-22T11:08:40","guid":{"rendered":"http:\/\/entwicklung.noramco.de\/?page_id=686"},"modified":"2022-05-12T12:38:34","modified_gmt":"2022-05-12T11:38:34","slug":"impressum","status":"publish","type":"page","link":"https:\/\/www.noramco.de\/index.php\/impressum\/","title":{"rendered":"Impressum"},"content":{"rendered":"\t\t<div data-elementor-type=\"wp-page\" data-elementor-id=\"686\" class=\"elementor elementor-686\">\n\t\t\t\t\t\t<section class=\"elementor-section elementor-top-section elementor-element elementor-element-783a8234 elementor-section-boxed elementor-section-height-default elementor-section-height-default\" data-id=\"783a8234\" data-element_type=\"section\" data-e-type=\"section\">\n\t\t\t\t\t\t<div class=\"elementor-container elementor-column-gap-default\">\n\t\t\t\t\t<div class=\"elementor-column elementor-col-100 elementor-top-column elementor-element elementor-element-1de08bea\" data-id=\"1de08bea\" data-element_type=\"column\" data-e-type=\"column\">\n\t\t\t<div class=\"elementor-widget-wrap elementor-element-populated\">\n\t\t\t\t\t\t<div class=\"elementor-element elementor-element-14f755e8 elementor-widget elementor-widget-heading\" data-id=\"14f755e8\" data-element_type=\"widget\" data-e-type=\"widget\" data-widget_type=\"heading.default\">\n\t\t\t\t<div class=\"elementor-widget-container\">\n\t\t\t\t\t<h1 class=\"elementor-heading-title elementor-size-default\">Impressum<\/h1>\t\t\t\t<\/div>\n\t\t\t\t<\/div>\n\t\t\t\t<section class=\"elementor-section elementor-inner-section elementor-element elementor-element-4776204 elementor-section-boxed elementor-section-height-default elementor-section-height-default\" data-id=\"4776204\" data-element_type=\"section\" data-e-type=\"section\">\n\t\t\t\t\t\t<div class=\"elementor-container elementor-column-gap-default\">\n\t\t\t\t\t<div class=\"elementor-column elementor-col-100 elementor-inner-column elementor-element elementor-element-5d7d5d0\" data-id=\"5d7d5d0\" data-element_type=\"column\" data-e-type=\"column\">\n\t\t\t<div class=\"elementor-widget-wrap elementor-element-populated\">\n\t\t\t\t\t\t<div class=\"elementor-element elementor-element-5ae5d66 elementor-widget elementor-widget-text-editor\" data-id=\"5ae5d66\" data-element_type=\"widget\" data-e-type=\"widget\" data-widget_type=\"text-editor.default\">\n\t\t\t\t<div class=\"elementor-widget-container\">\n\t\t\t\t\t\t\t\t\t<p><strong>NORAMCO Deutschland GmbH<\/strong><\/p><p>Nagelstr. 14<\/p><p>54290 Trier<\/p><p>Deutschland<\/p><p>\u00a0<\/p><p>Tel. +49 (0) 651 &#8211; 97095 &#8211; 20<\/p><p>eMail: invest@noramco.de<\/p><p>Website: www.noramco.de<\/p><p>\u00a0<\/p><p>Gesch\u00e4ftsf\u00fchrer: Edgar Bauschert, Cornelius Thei\u00df<\/p><p>\u00a0<\/p><p>Handelsregister: HRB 31843 \u2013 Amtsgericht Wittlich<\/p>\t\t\t\t\t\t\t\t<\/div>\n\t\t\t\t<\/div>\n\t\t\t\t\t<\/div>\n\t\t<\/div>\n\t\t\t\t\t<\/div>\n\t\t<\/section>\n\t\t\t\t<section class=\"elementor-section elementor-inner-section elementor-element elementor-element-71a1a6c4 elementor-section-boxed elementor-section-height-default elementor-section-height-default\" data-id=\"71a1a6c4\" data-element_type=\"section\" data-e-type=\"section\">\n\t\t\t\t\t\t<div class=\"elementor-container elementor-column-gap-default\">\n\t\t\t\t\t<div class=\"elementor-column elementor-col-100 elementor-inner-column elementor-element elementor-element-1d924a65\" data-id=\"1d924a65\" data-element_type=\"column\" data-e-type=\"column\">\n\t\t\t<div class=\"elementor-widget-wrap elementor-element-populated\">\n\t\t\t\t\t\t<div class=\"elementor-element elementor-element-743a2b7f elementor-widget-divider--separator-type-pattern elementor-widget-divider--view-line elementor-widget elementor-widget-divider\" data-id=\"743a2b7f\" data-element_type=\"widget\" data-e-type=\"widget\" data-widget_type=\"divider.default\">\n\t\t\t\t<div class=\"elementor-widget-container\">\n\t\t\t\t\t\t\t<div class=\"elementor-divider\" style=\"--divider-pattern-url: url(&quot;data:image\/svg+xml,%3Csvg xmlns=&#039;http:\/\/www.w3.org\/2000\/svg&#039; preserveAspectRatio=&#039;none&#039; overflow=&#039;visible&#039; height=&#039;100%&#039; viewBox=&#039;0 0 24 24&#039; fill=&#039;none&#039; stroke=&#039;black&#039; stroke-width=&#039;2&#039; stroke-linecap=&#039;square&#039; stroke-miterlimit=&#039;10&#039;%3E%3Cpath d=&#039;M0,6c6,0,6,13,12,13S18,6,24,6&#039;\/%3E%3C\/svg%3E&quot;);\">\n\t\t\t<span class=\"elementor-divider-separator\">\n\t\t\t\t\t\t<\/span>\n\t\t<\/div>\n\t\t\t\t\t\t<\/div>\n\t\t\t\t<\/div>\n\t\t\t\t<div class=\"elementor-element elementor-element-3ec85b2 elementor-widget elementor-widget-heading\" data-id=\"3ec85b2\" data-element_type=\"widget\" data-e-type=\"widget\" data-widget_type=\"heading.default\">\n\t\t\t\t<div class=\"elementor-widget-container\">\n\t\t\t\t\t<h2 class=\"elementor-heading-title elementor-size-default\">Hinweise<\/h2>\t\t\t\t<\/div>\n\t\t\t\t<\/div>\n\t\t\t\t\t<\/div>\n\t\t<\/div>\n\t\t\t\t\t<\/div>\n\t\t<\/section>\n\t\t\t\t<div class=\"elementor-element elementor-element-7b2abc35 elementor-widget elementor-widget-text-editor\" data-id=\"7b2abc35\" data-element_type=\"widget\" data-e-type=\"widget\" data-widget_type=\"text-editor.default\">\n\t\t\t\t<div class=\"elementor-widget-container\">\n\t\t\t\t\t\t\t\t\t<div class=\"txt\">In der Vergangenheit erzielte Erfolge bieten keine Gew\u00e4hr f\u00fcr k\u00fcnftige Entwicklungen. Die Anlage unterliegt Schwankungen. Bei R\u00fcckgabe kann der Preis f\u00fcr die Investmentanteile auch unter dem Wert der urspr\u00fcnglichen Anlage liegen. Ausf\u00fchrliche Informationen enth\u00e4lt der Verkaufsprospekt, dem Sie alle Gesch\u00e4ftsbedingungen entnehmen k\u00f6nnen.<\/div><div>\u00a0<\/div><div class=\"txt\">Aktienfonds sind immer als mittel- bis l\u00e4ngerfristige Anlagen zu betrachten.<\/div>\t\t\t\t\t\t\t\t<\/div>\n\t\t\t\t<\/div>\n\t\t\t\t\t<\/div>\n\t\t<\/div>\n\t\t\t\t\t<\/div>\n\t\t<\/section>\n\t\t\t\t<\/div>\n\t\t","protected":false},"excerpt":{"rendered":"<p>Impressum NORAMCO Deutschland GmbH Nagelstr. 14 54290 Trier Deutschland \u00a0 Tel. +49 (0) 651 &#8211; 97095 &#8211; 20 eMail: invest@noramco.de Website: www.noramco.de \u00a0 Gesch\u00e4ftsf\u00fchrer: Edgar Bauschert, Cornelius Thei\u00df \u00a0 Handelsregister: HRB 31843 \u2013 Amtsgericht Wittlich Hinweise In der Vergangenheit erzielte Erfolge bieten keine Gew\u00e4hr f\u00fcr k\u00fcnftige Entwicklungen. Die Anlage unterliegt Schwankungen. Bei R\u00fcckgabe kann der [&hellip;]<\/p>\n","protected":false},"author":1,"featured_media":0,"parent":0,"menu_order":0,"comment_status":"closed","ping_status":"closed","template":"elementor_header_footer","meta":{"site-sidebar-layout":"no-sidebar","site-content-layout":"page-builder","ast-site-content-layout":"default","site-content-style":"default","site-sidebar-style":"default","ast-global-header-display":"","ast-banner-title-visibility":"","ast-main-header-display":"","ast-hfb-above-header-display":"","ast-hfb-below-header-display":"","ast-hfb-mobile-header-display":"","site-post-title":"disabled","ast-breadcrumbs-content":"","ast-featured-img":"disabled","footer-sml-layout":"","ast-disable-related-posts":"","theme-transparent-header-meta":"","adv-header-id-meta":"","stick-header-meta":"","header-above-stick-meta":"","header-main-stick-meta":"","header-below-stick-meta":"","astra-migrate-meta-layouts":"default","ast-page-background-enabled":"default","ast-page-background-meta":{"desktop":{"background-color":"","background-image":"","background-repeat":"repeat","background-position":"center center","background-size":"auto","background-attachment":"scroll","background-type":"","background-media":"","overlay-type":"","overlay-color":"","overlay-opacity":"","overlay-gradient":""},"tablet":{"background-color":"","background-image":"","background-repeat":"repeat","background-position":"center center","background-size":"auto","background-attachment":"scroll","background-type":"","background-media":"","overlay-type":"","overlay-color":"","overlay-opacity":"","overlay-gradient":""},"mobile":{"background-color":"","background-image":"","background-repeat":"repeat","background-position":"center center","background-size":"auto","background-attachment":"scroll","background-type":"","background-media":"","overlay-type":"","overlay-color":"","overlay-opacity":"","overlay-gradient":""}},"ast-content-background-meta":{"desktop":{"background-color":"var(--ast-global-color-5)","background-image":"","background-repeat":"repeat","background-position":"center center","background-size":"auto","background-attachment":"scroll","background-type":"","background-media":"","overlay-type":"","overlay-color":"","overlay-opacity":"","overlay-gradient":""},"tablet":{"background-color":"var(--ast-global-color-5)","background-image":"","background-repeat":"repeat","background-position":"center center","background-size":"auto","background-attachment":"scroll","background-type":"","background-media":"","overlay-type":"","overlay-color":"","overlay-opacity":"","overlay-gradient":""},"mobile":{"background-color":"var(--ast-global-color-5)","background-image":"","background-repeat":"repeat","background-position":"center center","background-size":"auto","background-attachment":"scroll","background-type":"","background-media":"","overlay-type":"","overlay-color":"","overlay-opacity":"","overlay-gradient":""}},"footnotes":""},"class_list":["post-686","page","type-page","status-publish","hentry"],"yoast_head":"<!-- This site is optimized with the Yoast SEO plugin v27.4 - https:\/\/yoast.com\/product\/yoast-seo-wordpress\/ -->\n<title>Impressum - NORAMCO Fonds<\/title>\n<meta name=\"robots\" content=\"index, follow, max-snippet:-1, max-image-preview:large, max-video-preview:-1\" \/>\n<link rel=\"canonical\" href=\"https:\/\/www.noramco.de\/index.php\/impressum\/\" \/>\n<meta property=\"og:locale\" content=\"de_DE\" \/>\n<meta property=\"og:type\" content=\"article\" \/>\n<meta property=\"og:title\" content=\"Impressum - NORAMCO Fonds\" \/>\n<meta property=\"og:description\" content=\"Impressum NORAMCO Deutschland GmbH Nagelstr. 14 54290 Trier Deutschland \u00a0 Tel. +49 (0) 651 &#8211; 97095 &#8211; 20 eMail: invest@noramco.de Website: www.noramco.de \u00a0 Gesch\u00e4ftsf\u00fchrer: Edgar Bauschert, Cornelius Thei\u00df \u00a0 Handelsregister: HRB 31843 \u2013 Amtsgericht Wittlich Hinweise In der Vergangenheit erzielte Erfolge bieten keine Gew\u00e4hr f\u00fcr k\u00fcnftige Entwicklungen. Die Anlage unterliegt Schwankungen. Bei R\u00fcckgabe kann der [&hellip;]\" \/>\n<meta property=\"og:url\" content=\"https:\/\/www.noramco.de\/index.php\/impressum\/\" \/>\n<meta property=\"og:site_name\" content=\"NORAMCO Fonds\" \/>\n<meta property=\"article:modified_time\" content=\"2022-05-12T11:38:34+00:00\" \/>\n<meta name=\"twitter:card\" content=\"summary_large_image\" \/>\n<meta name=\"twitter:label1\" content=\"Gesch\u00e4tzte Lesezeit\" \/>\n\t<meta name=\"twitter:data1\" content=\"1\u00a0Minute\" \/>\n<script type=\"application\/ld+json\" class=\"yoast-schema-graph\">{\"@context\":\"https:\\\/\\\/schema.org\",\"@graph\":[{\"@type\":\"WebPage\",\"@id\":\"https:\\\/\\\/www.noramco.de\\\/index.php\\\/impressum\\\/\",\"url\":\"https:\\\/\\\/www.noramco.de\\\/index.php\\\/impressum\\\/\",\"name\":\"Impressum - NORAMCO Fonds\",\"isPartOf\":{\"@id\":\"https:\\\/\\\/www.noramco.de\\\/#website\"},\"datePublished\":\"2020-12-22T11:08:40+00:00\",\"dateModified\":\"2022-05-12T11:38:34+00:00\",\"breadcrumb\":{\"@id\":\"https:\\\/\\\/www.noramco.de\\\/index.php\\\/impressum\\\/#breadcrumb\"},\"inLanguage\":\"de\",\"potentialAction\":[{\"@type\":\"ReadAction\",\"target\":[\"https:\\\/\\\/www.noramco.de\\\/index.php\\\/impressum\\\/\"]}]},{\"@type\":\"BreadcrumbList\",\"@id\":\"https:\\\/\\\/www.noramco.de\\\/index.php\\\/impressum\\\/#breadcrumb\",\"itemListElement\":[{\"@type\":\"ListItem\",\"position\":1,\"name\":\"Home\",\"item\":\"https:\\\/\\\/www.noramco.de\\\/\"},{\"@type\":\"ListItem\",\"position\":2,\"name\":\"Impressum\"}]},{\"@type\":\"WebSite\",\"@id\":\"https:\\\/\\\/www.noramco.de\\\/#website\",\"url\":\"https:\\\/\\\/www.noramco.de\\\/\",\"name\":\"NORAMCO Fonds\",\"description\":\"Aktienfonds\",\"publisher\":{\"@id\":\"https:\\\/\\\/www.noramco.de\\\/#organization\"},\"potentialAction\":[{\"@type\":\"SearchAction\",\"target\":{\"@type\":\"EntryPoint\",\"urlTemplate\":\"https:\\\/\\\/www.noramco.de\\\/?s={search_term_string}\"},\"query-input\":{\"@type\":\"PropertyValueSpecification\",\"valueRequired\":true,\"valueName\":\"search_term_string\"}}],\"inLanguage\":\"de\"},{\"@type\":\"Organization\",\"@id\":\"https:\\\/\\\/www.noramco.de\\\/#organization\",\"name\":\"NORAMCO AG\",\"url\":\"https:\\\/\\\/www.noramco.de\\\/\",\"logo\":{\"@type\":\"ImageObject\",\"inLanguage\":\"de\",\"@id\":\"https:\\\/\\\/www.noramco.de\\\/#\\\/schema\\\/logo\\\/image\\\/\",\"url\":\"https:\\\/\\\/www.noramco.de\\\/wp-content\\\/uploads\\\/2020\\\/12\\\/cropped-Logo_Noramco_4c_quadrat-01.png\",\"contentUrl\":\"https:\\\/\\\/www.noramco.de\\\/wp-content\\\/uploads\\\/2020\\\/12\\\/cropped-Logo_Noramco_4c_quadrat-01.png\",\"width\":263,\"height\":263,\"caption\":\"NORAMCO AG\"},\"image\":{\"@id\":\"https:\\\/\\\/www.noramco.de\\\/#\\\/schema\\\/logo\\\/image\\\/\"}}]}<\/script>\n<!-- \/ Yoast SEO plugin. -->","yoast_head_json":{"title":"Impressum - NORAMCO Fonds","robots":{"index":"index","follow":"follow","max-snippet":"max-snippet:-1","max-image-preview":"max-image-preview:large","max-video-preview":"max-video-preview:-1"},"canonical":"https:\/\/www.noramco.de\/index.php\/impressum\/","og_locale":"de_DE","og_type":"article","og_title":"Impressum - NORAMCO Fonds","og_description":"Impressum NORAMCO Deutschland GmbH Nagelstr. 14 54290 Trier Deutschland \u00a0 Tel. +49 (0) 651 &#8211; 97095 &#8211; 20 eMail: invest@noramco.de Website: www.noramco.de \u00a0 Gesch\u00e4ftsf\u00fchrer: Edgar Bauschert, Cornelius Thei\u00df \u00a0 Handelsregister: HRB 31843 \u2013 Amtsgericht Wittlich Hinweise In der Vergangenheit erzielte Erfolge bieten keine Gew\u00e4hr f\u00fcr k\u00fcnftige Entwicklungen. Die Anlage unterliegt Schwankungen. Bei R\u00fcckgabe kann der [&hellip;]","og_url":"https:\/\/www.noramco.de\/index.php\/impressum\/","og_site_name":"NORAMCO Fonds","article_modified_time":"2022-05-12T11:38:34+00:00","twitter_card":"summary_large_image","twitter_misc":{"Gesch\u00e4tzte Lesezeit":"1\u00a0Minute"},"schema":{"@context":"https:\/\/schema.org","@graph":[{"@type":"WebPage","@id":"https:\/\/www.noramco.de\/index.php\/impressum\/","url":"https:\/\/www.noramco.de\/index.php\/impressum\/","name":"Impressum - NORAMCO Fonds","isPartOf":{"@id":"https:\/\/www.noramco.de\/#website"},"datePublished":"2020-12-22T11:08:40+00:00","dateModified":"2022-05-12T11:38:34+00:00","breadcrumb":{"@id":"https:\/\/www.noramco.de\/index.php\/impressum\/#breadcrumb"},"inLanguage":"de","potentialAction":[{"@type":"ReadAction","target":["https:\/\/www.noramco.de\/index.php\/impressum\/"]}]},{"@type":"BreadcrumbList","@id":"https:\/\/www.noramco.de\/index.php\/impressum\/#breadcrumb","itemListElement":[{"@type":"ListItem","position":1,"name":"Home","item":"https:\/\/www.noramco.de\/"},{"@type":"ListItem","position":2,"name":"Impressum"}]},{"@type":"WebSite","@id":"https:\/\/www.noramco.de\/#website","url":"https:\/\/www.noramco.de\/","name":"NORAMCO Fonds","description":"Aktienfonds","publisher":{"@id":"https:\/\/www.noramco.de\/#organization"},"potentialAction":[{"@type":"SearchAction","target":{"@type":"EntryPoint","urlTemplate":"https:\/\/www.noramco.de\/?s={search_term_string}"},"query-input":{"@type":"PropertyValueSpecification","valueRequired":true,"valueName":"search_term_string"}}],"inLanguage":"de"},{"@type":"Organization","@id":"https:\/\/www.noramco.de\/#organization","name":"NORAMCO AG","url":"https:\/\/www.noramco.de\/","logo":{"@type":"ImageObject","inLanguage":"de","@id":"https:\/\/www.noramco.de\/#\/schema\/logo\/image\/","url":"https:\/\/www.noramco.de\/wp-content\/uploads\/2020\/12\/cropped-Logo_Noramco_4c_quadrat-01.png","contentUrl":"https:\/\/www.noramco.de\/wp-content\/uploads\/2020\/12\/cropped-Logo_Noramco_4c_quadrat-01.png","width":263,"height":263,"caption":"NORAMCO AG"},"image":{"@id":"https:\/\/www.noramco.de\/#\/schema\/logo\/image\/"}}]}},"_links":{"self":[{"href":"https:\/\/www.noramco.de\/index.php\/wp-json\/wp\/v2\/pages\/686","targetHints":{"allow":["GET"]}}],"collection":[{"href":"https:\/\/www.noramco.de\/index.php\/wp-json\/wp\/v2\/pages"}],"about":[{"href":"https:\/\/www.noramco.de\/index.php\/wp-json\/wp\/v2\/types\/page"}],"author":[{"embeddable":true,"href":"https:\/\/www.noramco.de\/index.php\/wp-json\/wp\/v2\/users\/1"}],"replies":[{"embeddable":true,"href":"https:\/\/www.noramco.de\/index.php\/wp-json\/wp\/v2\/comments?post=686"}],"version-history":[{"count":37,"href":"https:\/\/www.noramco.de\/index.php\/wp-json\/wp\/v2\/pages\/686\/revisions"}],"predecessor-version":[{"id":4948,"href":"https:\/\/www.noramco.de\/index.php\/wp-json\/wp\/v2\/pages\/686\/revisions\/4948"}],"wp:attachment":[{"href":"https:\/\/www.noramco.de\/index.php\/wp-json\/wp\/v2\/media?parent=686"}],"curies":[{"name":"wp","href":"https:\/\/api.w.org\/{rel}","templated":true}]}}