{"id":774,"date":"2020-12-23T16:33:57","date_gmt":"2020-12-23T15:33:57","guid":{"rendered":"http:\/\/entwicklung.noramco.de\/?page_id=774"},"modified":"2026-01-02T09:18:40","modified_gmt":"2026-01-02T08:18:40","slug":"noramco-quality-funds","status":"publish","type":"page","link":"https:\/\/www.noramco.de\/index.php\/noramco-quality-funds\/","title":{"rendered":"Noramco Quality Funds"},"content":{"rendered":"\t\t<div data-elementor-type=\"wp-page\" data-elementor-id=\"774\" class=\"elementor elementor-774\">\n\t\t\t\t\t\t<section class=\"elementor-section elementor-top-section elementor-element elementor-element-2ce1ab6d elementor-section-boxed elementor-section-height-default elementor-section-height-default\" data-id=\"2ce1ab6d\" data-element_type=\"section\" data-e-type=\"section\">\n\t\t\t\t\t\t<div class=\"elementor-container elementor-column-gap-default\">\n\t\t\t\t\t<div class=\"elementor-column elementor-col-100 elementor-top-column elementor-element elementor-element-1782fb18\" data-id=\"1782fb18\" data-element_type=\"column\" data-e-type=\"column\">\n\t\t\t<div class=\"elementor-widget-wrap elementor-element-populated\">\n\t\t\t\t\t\t<div class=\"elementor-element elementor-element-a125cfb elementor-widget elementor-widget-image\" data-id=\"a125cfb\" data-element_type=\"widget\" data-e-type=\"widget\" data-widget_type=\"image.default\">\n\t\t\t\t<div class=\"elementor-widget-container\">\n\t\t\t\t\t\t\t\t\t\t\t\t\t\t\t<img fetchpriority=\"high\" decoding=\"async\" width=\"2560\" height=\"800\" src=\"https:\/\/www.noramco.de\/wp-content\/uploads\/pexels-seeberge-michael-spadoni-813465_2a-scaled.jpg\" class=\"attachment-full size-full wp-image-2434\" alt=\"\" srcset=\"https:\/\/www.noramco.de\/wp-content\/uploads\/pexels-seeberge-michael-spadoni-813465_2a-scaled.jpg 2560w, https:\/\/www.noramco.de\/wp-content\/uploads\/pexels-seeberge-michael-spadoni-813465_2a-300x94.jpg 300w, https:\/\/www.noramco.de\/wp-content\/uploads\/pexels-seeberge-michael-spadoni-813465_2a-1024x320.jpg 1024w, https:\/\/www.noramco.de\/wp-content\/uploads\/pexels-seeberge-michael-spadoni-813465_2a-768x240.jpg 768w, https:\/\/www.noramco.de\/wp-content\/uploads\/pexels-seeberge-michael-spadoni-813465_2a-1536x480.jpg 1536w, https:\/\/www.noramco.de\/wp-content\/uploads\/pexels-seeberge-michael-spadoni-813465_2a-2048x640.jpg 2048w\" sizes=\"(max-width: 2560px) 100vw, 2560px\" \/>\t\t\t\t\t\t\t\t\t\t\t\t\t\t\t<\/div>\n\t\t\t\t<\/div>\n\t\t\t\t\t<\/div>\n\t\t<\/div>\n\t\t\t\t\t<\/div>\n\t\t<\/section>\n\t\t\t\t<section class=\"elementor-section elementor-top-section elementor-element elementor-element-4b4c40bf elementor-section-boxed elementor-section-height-default elementor-section-height-default\" data-id=\"4b4c40bf\" data-element_type=\"section\" data-e-type=\"section\">\n\t\t\t\t\t\t<div class=\"elementor-container elementor-column-gap-default\">\n\t\t\t\t\t<div class=\"elementor-column elementor-col-100 elementor-top-column elementor-element elementor-element-3da4f112\" data-id=\"3da4f112\" data-element_type=\"column\" data-e-type=\"column\">\n\t\t\t<div class=\"elementor-widget-wrap elementor-element-populated\">\n\t\t\t\t\t\t<div class=\"elementor-element elementor-element-2ef006eb elementor-widget elementor-widget-heading\" data-id=\"2ef006eb\" data-element_type=\"widget\" data-e-type=\"widget\" data-widget_type=\"heading.default\">\n\t\t\t\t<div class=\"elementor-widget-container\">\n\t\t\t\t\t<h1 class=\"elementor-heading-title elementor-size-default\">Noramco Quality Funds<\/h1>\t\t\t\t<\/div>\n\t\t\t\t<\/div>\n\t\t\t\t<div class=\"elementor-element elementor-element-2fc65191 elementor-widget elementor-widget-text-editor\" data-id=\"2fc65191\" data-element_type=\"widget\" data-e-type=\"widget\" data-widget_type=\"text-editor.default\">\n\t\t\t\t<div class=\"elementor-widget-container\">\n\t\t\t\t\t\t\t\t\t<p>Die Noramco Quality Funds vereinen die langj\u00e4hrige Erfahrung der Noramco-Gruppe bei der Auswahl von Fondsmanagern und im Kundenservice mit dem Top-Management der 3 renommierten Fondsgesellschaften Alger, Davis und Goodhart Partners.<\/p>\t\t\t\t\t\t\t\t<\/div>\n\t\t\t\t<\/div>\n\t\t\t\t<div class=\"elementor-element elementor-element-577bece7 elementor-widget-divider--separator-type-pattern elementor-widget-divider--view-line elementor-widget elementor-widget-divider\" data-id=\"577bece7\" data-element_type=\"widget\" data-e-type=\"widget\" data-widget_type=\"divider.default\">\n\t\t\t\t<div class=\"elementor-widget-container\">\n\t\t\t\t\t\t\t<div class=\"elementor-divider\" style=\"--divider-pattern-url: url(&quot;data:image\/svg+xml,%3Csvg xmlns=&#039;http:\/\/www.w3.org\/2000\/svg&#039; preserveAspectRatio=&#039;none&#039; overflow=&#039;visible&#039; height=&#039;100%&#039; viewBox=&#039;0 0 24 24&#039; fill=&#039;none&#039; stroke=&#039;black&#039; stroke-width=&#039;2&#039; stroke-linecap=&#039;square&#039; stroke-miterlimit=&#039;10&#039;%3E%3Cpath d=&#039;M0,6c6,0,6,13,12,13S18,6,24,6&#039;\/%3E%3C\/svg%3E&quot;);\">\n\t\t\t<span class=\"elementor-divider-separator\">\n\t\t\t\t\t\t<\/span>\n\t\t<\/div>\n\t\t\t\t\t\t<\/div>\n\t\t\t\t<\/div>\n\t\t\t\t<div class=\"elementor-element elementor-element-8ecf6b0 elementor-widget elementor-widget-heading\" data-id=\"8ecf6b0\" data-element_type=\"widget\" data-e-type=\"widget\" data-widget_type=\"heading.default\">\n\t\t\t\t<div class=\"elementor-widget-container\">\n\t\t\t\t\t<h4 class=\"elementor-heading-title elementor-size-default\">Optimale Mischung des Portfolios<\/h4>\t\t\t\t<\/div>\n\t\t\t\t<\/div>\n\t\t\t\t<div class=\"elementor-element elementor-element-17a59274 elementor-widget elementor-widget-text-editor\" data-id=\"17a59274\" data-element_type=\"widget\" data-e-type=\"widget\" data-widget_type=\"text-editor.default\">\n\t\t\t\t<div class=\"elementor-widget-container\">\n\t\t\t\t\t\t\t\t\t<p>Die Noramco Quality Funds investieren sowohl in Growth- als auch in Value-orientierte Aktien und verfolgen dadurch eine Anlagestrategie, die unterschiedliche B\u00f6rsenzyklen vorteilhaft nutzen kann.<\/p>\t\t\t\t\t\t\t\t<\/div>\n\t\t\t\t<\/div>\n\t\t\t\t<div class=\"elementor-element elementor-element-efd1e57 elementor-widget elementor-widget-heading\" data-id=\"efd1e57\" data-element_type=\"widget\" data-e-type=\"widget\" data-widget_type=\"heading.default\">\n\t\t\t\t<div class=\"elementor-widget-container\">\n\t\t\t\t\t<h4 class=\"elementor-heading-title elementor-size-default\">Bequemer Weg zum Verm\u00f6gensaufbau<\/h4>\t\t\t\t<\/div>\n\t\t\t\t<\/div>\n\t\t\t\t<div class=\"elementor-element elementor-element-947d7d5 elementor-widget elementor-widget-text-editor\" data-id=\"947d7d5\" data-element_type=\"widget\" data-e-type=\"widget\" data-widget_type=\"text-editor.default\">\n\t\t\t\t<div class=\"elementor-widget-container\">\n\t\t\t\t\t\t\t\t\t<p>Erfahrene Experten k\u00fcmmern sich um die Auswahl und Gewichtung der einzelnen Aktien in den Fonds-Portfolios und \u00fcbernehmen damit das Management Ihrer Geldanlage. Wie bei einer bequemen Verm\u00f6gensverwaltung sind Sie so an einer Vielzahl von interessanten Wertpapieren beteiligt.<\/p>\t\t\t\t\t\t\t\t<\/div>\n\t\t\t\t<\/div>\n\t\t\t\t<div class=\"elementor-element elementor-element-4f16074 elementor-widget-divider--separator-type-pattern elementor-widget-divider--view-line elementor-widget elementor-widget-divider\" data-id=\"4f16074\" data-element_type=\"widget\" data-e-type=\"widget\" data-widget_type=\"divider.default\">\n\t\t\t\t<div class=\"elementor-widget-container\">\n\t\t\t\t\t\t\t<div class=\"elementor-divider\" style=\"--divider-pattern-url: url(&quot;data:image\/svg+xml,%3Csvg xmlns=&#039;http:\/\/www.w3.org\/2000\/svg&#039; preserveAspectRatio=&#039;none&#039; overflow=&#039;visible&#039; height=&#039;100%&#039; viewBox=&#039;0 0 24 24&#039; fill=&#039;none&#039; stroke=&#039;black&#039; stroke-width=&#039;2&#039; stroke-linecap=&#039;square&#039; stroke-miterlimit=&#039;10&#039;%3E%3Cpath d=&#039;M0,6c6,0,6,13,12,13S18,6,24,6&#039;\/%3E%3C\/svg%3E&quot;);\">\n\t\t\t<span class=\"elementor-divider-separator\">\n\t\t\t\t\t\t<\/span>\n\t\t<\/div>\n\t\t\t\t\t\t<\/div>\n\t\t\t\t<\/div>\n\t\t\t\t<div class=\"elementor-element elementor-element-5d8c5ed elementor-widget elementor-widget-image\" data-id=\"5d8c5ed\" data-element_type=\"widget\" data-e-type=\"widget\" data-widget_type=\"image.default\">\n\t\t\t\t<div class=\"elementor-widget-container\">\n\t\t\t\t\t\t\t\t\t\t\t\t\t\t\t<img decoding=\"async\" width=\"300\" height=\"107\" src=\"https:\/\/www.noramco.de\/wp-content\/uploads\/2020\/12\/nqf-logo-aus-pdf-300x107.png\" class=\"attachment-medium size-medium wp-image-776\" alt=\"\" srcset=\"https:\/\/www.noramco.de\/wp-content\/uploads\/2020\/12\/nqf-logo-aus-pdf-300x107.png 300w, https:\/\/www.noramco.de\/wp-content\/uploads\/2020\/12\/nqf-logo-aus-pdf-1024x365.png 1024w, https:\/\/www.noramco.de\/wp-content\/uploads\/2020\/12\/nqf-logo-aus-pdf-768x273.png 768w, https:\/\/www.noramco.de\/wp-content\/uploads\/2020\/12\/nqf-logo-aus-pdf-1536x547.png 1536w, https:\/\/www.noramco.de\/wp-content\/uploads\/2020\/12\/nqf-logo-aus-pdf-600x214.png 600w, https:\/\/www.noramco.de\/wp-content\/uploads\/2020\/12\/nqf-logo-aus-pdf.png 2008w\" sizes=\"(max-width: 300px) 100vw, 300px\" \/>\t\t\t\t\t\t\t\t\t\t\t\t\t\t\t<\/div>\n\t\t\t\t<\/div>\n\t\t\t\t\t<\/div>\n\t\t<\/div>\n\t\t\t\t\t<\/div>\n\t\t<\/section>\n\t\t\t\t<section class=\"elementor-section elementor-top-section elementor-element elementor-element-5160d80c elementor-section-boxed elementor-section-height-default elementor-section-height-default\" data-id=\"5160d80c\" data-element_type=\"section\" data-e-type=\"section\">\n\t\t\t\t\t\t<div class=\"elementor-container elementor-column-gap-default\">\n\t\t\t\t\t<div class=\"elementor-column elementor-col-100 elementor-top-column elementor-element elementor-element-799c2dde\" data-id=\"799c2dde\" data-element_type=\"column\" data-e-type=\"column\">\n\t\t\t<div class=\"elementor-widget-wrap elementor-element-populated\">\n\t\t\t\t\t\t<section class=\"elementor-section elementor-inner-section elementor-element elementor-element-443fe8b elementor-section-boxed elementor-section-height-default elementor-section-height-default\" data-id=\"443fe8b\" data-element_type=\"section\" data-e-type=\"section\">\n\t\t\t\t\t\t<div class=\"elementor-container elementor-column-gap-default\">\n\t\t\t\t\t<div class=\"elementor-column elementor-col-50 elementor-inner-column elementor-element elementor-element-917dc0c\" data-id=\"917dc0c\" data-element_type=\"column\" data-e-type=\"column\">\n\t\t\t<div class=\"elementor-widget-wrap elementor-element-populated\">\n\t\t\t\t\t\t<div class=\"elementor-element elementor-element-f58c9c8 elementor-widget elementor-widget-text-editor\" data-id=\"f58c9c8\" data-element_type=\"widget\" data-e-type=\"widget\" data-widget_type=\"text-editor.default\">\n\t\t\t\t<div class=\"elementor-widget-container\">\n\t\t\t\t\t\t\t\t\t<p><strong>F\u00fcr Privatanleger:<\/strong> Anteilklasse in Euro<\/p><p>\u00a0<\/p><p><strong>Erstanlage<\/strong> ab 5.000\u20ac<\/p><p>\u00a0<\/p><p><strong>Nachzahlungen<\/strong> ab 1.000\u20ac<\/p><p>\u00a0<\/p><p><strong>Sparplan<\/strong> m\u00f6glich ab 125\u20ac monatlich<\/p>\t\t\t\t\t\t\t\t<\/div>\n\t\t\t\t<\/div>\n\t\t\t\t\t<\/div>\n\t\t<\/div>\n\t\t\t\t<div class=\"elementor-column elementor-col-50 elementor-inner-column elementor-element elementor-element-f5f49aa\" data-id=\"f5f49aa\" data-element_type=\"column\" data-e-type=\"column\">\n\t\t\t<div class=\"elementor-widget-wrap elementor-element-populated\">\n\t\t\t\t\t\t<div class=\"elementor-element elementor-element-17f27de elementor-widget elementor-widget-heading\" data-id=\"17f27de\" data-element_type=\"widget\" data-e-type=\"widget\" data-widget_type=\"heading.default\">\n\t\t\t\t<div class=\"elementor-widget-container\">\n\t\t\t\t\t<h4 class=\"elementor-heading-title elementor-size-default\">Teilfonds<\/h4>\t\t\t\t<\/div>\n\t\t\t\t<\/div>\n\t\t\t\t<div class=\"elementor-element elementor-element-0126699 elementor-align-center elementor-widget elementor-widget-button\" data-id=\"0126699\" data-element_type=\"widget\" data-e-type=\"widget\" data-widget_type=\"button.default\">\n\t\t\t\t<div class=\"elementor-widget-container\">\n\t\t\t\t\t\t\t\t\t<div class=\"elementor-button-wrapper\">\n\t\t\t\t\t<a class=\"elementor-button elementor-button-link elementor-size-sm\" href=\"https:\/\/www.noramco.de\/index.php\/nqf-europe\/\">\n\t\t\t\t\t\t<span class=\"elementor-button-content-wrapper\">\n\t\t\t\t\t\t\t\t\t<span class=\"elementor-button-text\">Noramco Quality Funds Europe<\/span>\n\t\t\t\t\t<\/span>\n\t\t\t\t\t<\/a>\n\t\t\t\t<\/div>\n\t\t\t\t\t\t\t\t<\/div>\n\t\t\t\t<\/div>\n\t\t\t\t<div class=\"elementor-element elementor-element-dc6ccbd elementor-align-center elementor-widget elementor-widget-button\" data-id=\"dc6ccbd\" data-element_type=\"widget\" data-e-type=\"widget\" data-widget_type=\"button.default\">\n\t\t\t\t<div class=\"elementor-widget-container\">\n\t\t\t\t\t\t\t\t\t<div class=\"elementor-button-wrapper\">\n\t\t\t\t\t<a class=\"elementor-button elementor-button-link elementor-size-sm\" href=\"https:\/\/www.noramco.de\/index.php\/nqf-usa\/\">\n\t\t\t\t\t\t<span class=\"elementor-button-content-wrapper\">\n\t\t\t\t\t\t\t\t\t<span class=\"elementor-button-text\">Noramco Quality Funds USA<\/span>\n\t\t\t\t\t<\/span>\n\t\t\t\t\t<\/a>\n\t\t\t\t<\/div>\n\t\t\t\t\t\t\t\t<\/div>\n\t\t\t\t<\/div>\n\t\t\t\t\t<\/div>\n\t\t<\/div>\n\t\t\t\t\t<\/div>\n\t\t<\/section>\n\t\t\t\t\t<\/div>\n\t\t<\/div>\n\t\t\t\t\t<\/div>\n\t\t<\/section>\n\t\t\t\t<\/div>\n\t\t","protected":false},"excerpt":{"rendered":"<p>Noramco Quality Funds Die Noramco Quality Funds vereinen die langj\u00e4hrige Erfahrung der Noramco-Gruppe bei der Auswahl von Fondsmanagern und im Kundenservice mit dem Top-Management der 3 renommierten Fondsgesellschaften Alger, Davis und Goodhart Partners. Optimale Mischung des Portfolios Die Noramco Quality Funds investieren sowohl in Growth- als auch in Value-orientierte Aktien und verfolgen dadurch eine Anlagestrategie, [&hellip;]<\/p>\n","protected":false},"author":1,"featured_media":0,"parent":0,"menu_order":0,"comment_status":"closed","ping_status":"closed","template":"elementor_header_footer","meta":{"site-sidebar-layout":"no-sidebar","site-content-layout":"page-builder","ast-site-content-layout":"default","site-content-style":"default","site-sidebar-style":"default","ast-global-header-display":"","ast-banner-title-visibility":"","ast-main-header-display":"","ast-hfb-above-header-display":"","ast-hfb-below-header-display":"","ast-hfb-mobile-header-display":"","site-post-title":"disabled","ast-breadcrumbs-content":"","ast-featured-img":"disabled","footer-sml-layout":"","ast-disable-related-posts":"","theme-transparent-header-meta":"default","adv-header-id-meta":"","stick-header-meta":"","header-above-stick-meta":"","header-main-stick-meta":"","header-below-stick-meta":"","astra-migrate-meta-layouts":"default","ast-page-background-enabled":"default","ast-page-background-meta":{"desktop":{"background-color":"","background-image":"","background-repeat":"repeat","background-position":"center center","background-size":"auto","background-attachment":"scroll","background-type":"","background-media":"","overlay-type":"","overlay-color":"","overlay-opacity":"","overlay-gradient":""},"tablet":{"background-color":"","background-image":"","background-repeat":"repeat","background-position":"center center","background-size":"auto","background-attachment":"scroll","background-type":"","background-media":"","overlay-type":"","overlay-color":"","overlay-opacity":"","overlay-gradient":""},"mobile":{"background-color":"","background-image":"","background-repeat":"repeat","background-position":"center center","background-size":"auto","background-attachment":"scroll","background-type":"","background-media":"","overlay-type":"","overlay-color":"","overlay-opacity":"","overlay-gradient":""}},"ast-content-background-meta":{"desktop":{"background-color":"var(--ast-global-color-5)","background-image":"","background-repeat":"repeat","background-position":"center center","background-size":"auto","background-attachment":"scroll","background-type":"","background-media":"","overlay-type":"","overlay-color":"","overlay-opacity":"","overlay-gradient":""},"tablet":{"background-color":"var(--ast-global-color-5)","background-image":"","background-repeat":"repeat","background-position":"center center","background-size":"auto","background-attachment":"scroll","background-type":"","background-media":"","overlay-type":"","overlay-color":"","overlay-opacity":"","overlay-gradient":""},"mobile":{"background-color":"var(--ast-global-color-5)","background-image":"","background-repeat":"repeat","background-position":"center center","background-size":"auto","background-attachment":"scroll","background-type":"","background-media":"","overlay-type":"","overlay-color":"","overlay-opacity":"","overlay-gradient":""}},"footnotes":""},"class_list":["post-774","page","type-page","status-publish","hentry"],"yoast_head":"<!-- This site is optimized with the Yoast SEO plugin v27.5 - https:\/\/yoast.com\/product\/yoast-seo-wordpress\/ -->\n<title>Noramco Quality Funds - pure Aktienfonds - NORAMCO Fonds<\/title>\n<meta name=\"description\" content=\"Die Noramco Quality Funds legen in Growth- und in Value-Aktien an und verfolgen so eine Strategie, die verschiedene B\u00f6rsenzyklen nutzen kann.\" \/>\n<meta name=\"robots\" content=\"index, follow, max-snippet:-1, max-image-preview:large, max-video-preview:-1\" \/>\n<link rel=\"canonical\" href=\"https:\/\/www.noramco.de\/index.php\/noramco-quality-funds\/\" \/>\n<meta property=\"og:locale\" content=\"de_DE\" \/>\n<meta property=\"og:type\" content=\"article\" \/>\n<meta property=\"og:title\" content=\"Noramco Quality Funds - pure Aktienfonds - NORAMCO Fonds\" \/>\n<meta property=\"og:description\" content=\"Die Noramco Quality Funds legen in Growth- und in Value-Aktien an und verfolgen so eine Strategie, die verschiedene B\u00f6rsenzyklen nutzen kann.\" \/>\n<meta property=\"og:url\" content=\"https:\/\/www.noramco.de\/index.php\/noramco-quality-funds\/\" \/>\n<meta property=\"og:site_name\" content=\"NORAMCO Fonds\" \/>\n<meta property=\"article:modified_time\" content=\"2026-01-02T08:18:40+00:00\" \/>\n<meta property=\"og:image\" content=\"https:\/\/www.noramco.de\/wp-content\/uploads\/pexels-seeberge-michael-spadoni-813465_2a-scaled.jpg\" \/>\n\t<meta property=\"og:image:width\" content=\"2560\" \/>\n\t<meta property=\"og:image:height\" content=\"800\" \/>\n\t<meta property=\"og:image:type\" content=\"image\/jpeg\" \/>\n<meta name=\"twitter:card\" content=\"summary_large_image\" \/>\n<meta name=\"twitter:label1\" content=\"Gesch\u00e4tzte Lesezeit\" \/>\n\t<meta name=\"twitter:data1\" content=\"2\u00a0Minuten\" \/>\n<script type=\"application\/ld+json\" class=\"yoast-schema-graph\">{\"@context\":\"https:\\\/\\\/schema.org\",\"@graph\":[{\"@type\":\"WebPage\",\"@id\":\"https:\\\/\\\/www.noramco.de\\\/index.php\\\/noramco-quality-funds\\\/\",\"url\":\"https:\\\/\\\/www.noramco.de\\\/index.php\\\/noramco-quality-funds\\\/\",\"name\":\"Noramco Quality Funds - pure Aktienfonds - NORAMCO Fonds\",\"isPartOf\":{\"@id\":\"https:\\\/\\\/www.noramco.de\\\/#website\"},\"primaryImageOfPage\":{\"@id\":\"https:\\\/\\\/www.noramco.de\\\/index.php\\\/noramco-quality-funds\\\/#primaryimage\"},\"image\":{\"@id\":\"https:\\\/\\\/www.noramco.de\\\/index.php\\\/noramco-quality-funds\\\/#primaryimage\"},\"thumbnailUrl\":\"https:\\\/\\\/www.noramco.de\\\/wp-content\\\/uploads\\\/pexels-seeberge-michael-spadoni-813465_2a-scaled.jpg\",\"datePublished\":\"2020-12-23T15:33:57+00:00\",\"dateModified\":\"2026-01-02T08:18:40+00:00\",\"description\":\"Die Noramco Quality Funds legen in Growth- und in Value-Aktien an und verfolgen so eine Strategie, die verschiedene B\u00f6rsenzyklen nutzen kann.\",\"breadcrumb\":{\"@id\":\"https:\\\/\\\/www.noramco.de\\\/index.php\\\/noramco-quality-funds\\\/#breadcrumb\"},\"inLanguage\":\"de\",\"potentialAction\":[{\"@type\":\"ReadAction\",\"target\":[\"https:\\\/\\\/www.noramco.de\\\/index.php\\\/noramco-quality-funds\\\/\"]}]},{\"@type\":\"ImageObject\",\"inLanguage\":\"de\",\"@id\":\"https:\\\/\\\/www.noramco.de\\\/index.php\\\/noramco-quality-funds\\\/#primaryimage\",\"url\":\"https:\\\/\\\/www.noramco.de\\\/wp-content\\\/uploads\\\/pexels-seeberge-michael-spadoni-813465_2a-scaled.jpg\",\"contentUrl\":\"https:\\\/\\\/www.noramco.de\\\/wp-content\\\/uploads\\\/pexels-seeberge-michael-spadoni-813465_2a-scaled.jpg\",\"width\":2560,\"height\":800},{\"@type\":\"BreadcrumbList\",\"@id\":\"https:\\\/\\\/www.noramco.de\\\/index.php\\\/noramco-quality-funds\\\/#breadcrumb\",\"itemListElement\":[{\"@type\":\"ListItem\",\"position\":1,\"name\":\"Home\",\"item\":\"https:\\\/\\\/www.noramco.de\\\/\"},{\"@type\":\"ListItem\",\"position\":2,\"name\":\"Noramco Quality Funds\"}]},{\"@type\":\"WebSite\",\"@id\":\"https:\\\/\\\/www.noramco.de\\\/#website\",\"url\":\"https:\\\/\\\/www.noramco.de\\\/\",\"name\":\"NORAMCO Fonds\",\"description\":\"Aktienfonds\",\"publisher\":{\"@id\":\"https:\\\/\\\/www.noramco.de\\\/#organization\"},\"potentialAction\":[{\"@type\":\"SearchAction\",\"target\":{\"@type\":\"EntryPoint\",\"urlTemplate\":\"https:\\\/\\\/www.noramco.de\\\/?s={search_term_string}\"},\"query-input\":{\"@type\":\"PropertyValueSpecification\",\"valueRequired\":true,\"valueName\":\"search_term_string\"}}],\"inLanguage\":\"de\"},{\"@type\":\"Organization\",\"@id\":\"https:\\\/\\\/www.noramco.de\\\/#organization\",\"name\":\"NORAMCO AG\",\"url\":\"https:\\\/\\\/www.noramco.de\\\/\",\"logo\":{\"@type\":\"ImageObject\",\"inLanguage\":\"de\",\"@id\":\"https:\\\/\\\/www.noramco.de\\\/#\\\/schema\\\/logo\\\/image\\\/\",\"url\":\"https:\\\/\\\/www.noramco.de\\\/wp-content\\\/uploads\\\/2020\\\/12\\\/cropped-Logo_Noramco_4c_quadrat-01.png\",\"contentUrl\":\"https:\\\/\\\/www.noramco.de\\\/wp-content\\\/uploads\\\/2020\\\/12\\\/cropped-Logo_Noramco_4c_quadrat-01.png\",\"width\":263,\"height\":263,\"caption\":\"NORAMCO AG\"},\"image\":{\"@id\":\"https:\\\/\\\/www.noramco.de\\\/#\\\/schema\\\/logo\\\/image\\\/\"}}]}<\/script>\n<!-- \/ Yoast SEO plugin. -->","yoast_head_json":{"title":"Noramco Quality Funds - pure Aktienfonds - NORAMCO Fonds","description":"Die Noramco Quality Funds legen in Growth- und in Value-Aktien an und verfolgen so eine Strategie, die verschiedene B\u00f6rsenzyklen nutzen kann.","robots":{"index":"index","follow":"follow","max-snippet":"max-snippet:-1","max-image-preview":"max-image-preview:large","max-video-preview":"max-video-preview:-1"},"canonical":"https:\/\/www.noramco.de\/index.php\/noramco-quality-funds\/","og_locale":"de_DE","og_type":"article","og_title":"Noramco Quality Funds - pure Aktienfonds - NORAMCO Fonds","og_description":"Die Noramco Quality Funds legen in Growth- und in Value-Aktien an und verfolgen so eine Strategie, die verschiedene B\u00f6rsenzyklen nutzen kann.","og_url":"https:\/\/www.noramco.de\/index.php\/noramco-quality-funds\/","og_site_name":"NORAMCO Fonds","article_modified_time":"2026-01-02T08:18:40+00:00","og_image":[{"width":2560,"height":800,"url":"https:\/\/www.noramco.de\/wp-content\/uploads\/pexels-seeberge-michael-spadoni-813465_2a-scaled.jpg","type":"image\/jpeg"}],"twitter_card":"summary_large_image","twitter_misc":{"Gesch\u00e4tzte Lesezeit":"2\u00a0Minuten"},"schema":{"@context":"https:\/\/schema.org","@graph":[{"@type":"WebPage","@id":"https:\/\/www.noramco.de\/index.php\/noramco-quality-funds\/","url":"https:\/\/www.noramco.de\/index.php\/noramco-quality-funds\/","name":"Noramco Quality Funds - pure Aktienfonds - NORAMCO Fonds","isPartOf":{"@id":"https:\/\/www.noramco.de\/#website"},"primaryImageOfPage":{"@id":"https:\/\/www.noramco.de\/index.php\/noramco-quality-funds\/#primaryimage"},"image":{"@id":"https:\/\/www.noramco.de\/index.php\/noramco-quality-funds\/#primaryimage"},"thumbnailUrl":"https:\/\/www.noramco.de\/wp-content\/uploads\/pexels-seeberge-michael-spadoni-813465_2a-scaled.jpg","datePublished":"2020-12-23T15:33:57+00:00","dateModified":"2026-01-02T08:18:40+00:00","description":"Die Noramco Quality Funds legen in Growth- und in Value-Aktien an und verfolgen so eine Strategie, die verschiedene B\u00f6rsenzyklen nutzen kann.","breadcrumb":{"@id":"https:\/\/www.noramco.de\/index.php\/noramco-quality-funds\/#breadcrumb"},"inLanguage":"de","potentialAction":[{"@type":"ReadAction","target":["https:\/\/www.noramco.de\/index.php\/noramco-quality-funds\/"]}]},{"@type":"ImageObject","inLanguage":"de","@id":"https:\/\/www.noramco.de\/index.php\/noramco-quality-funds\/#primaryimage","url":"https:\/\/www.noramco.de\/wp-content\/uploads\/pexels-seeberge-michael-spadoni-813465_2a-scaled.jpg","contentUrl":"https:\/\/www.noramco.de\/wp-content\/uploads\/pexels-seeberge-michael-spadoni-813465_2a-scaled.jpg","width":2560,"height":800},{"@type":"BreadcrumbList","@id":"https:\/\/www.noramco.de\/index.php\/noramco-quality-funds\/#breadcrumb","itemListElement":[{"@type":"ListItem","position":1,"name":"Home","item":"https:\/\/www.noramco.de\/"},{"@type":"ListItem","position":2,"name":"Noramco Quality Funds"}]},{"@type":"WebSite","@id":"https:\/\/www.noramco.de\/#website","url":"https:\/\/www.noramco.de\/","name":"NORAMCO Fonds","description":"Aktienfonds","publisher":{"@id":"https:\/\/www.noramco.de\/#organization"},"potentialAction":[{"@type":"SearchAction","target":{"@type":"EntryPoint","urlTemplate":"https:\/\/www.noramco.de\/?s={search_term_string}"},"query-input":{"@type":"PropertyValueSpecification","valueRequired":true,"valueName":"search_term_string"}}],"inLanguage":"de"},{"@type":"Organization","@id":"https:\/\/www.noramco.de\/#organization","name":"NORAMCO AG","url":"https:\/\/www.noramco.de\/","logo":{"@type":"ImageObject","inLanguage":"de","@id":"https:\/\/www.noramco.de\/#\/schema\/logo\/image\/","url":"https:\/\/www.noramco.de\/wp-content\/uploads\/2020\/12\/cropped-Logo_Noramco_4c_quadrat-01.png","contentUrl":"https:\/\/www.noramco.de\/wp-content\/uploads\/2020\/12\/cropped-Logo_Noramco_4c_quadrat-01.png","width":263,"height":263,"caption":"NORAMCO AG"},"image":{"@id":"https:\/\/www.noramco.de\/#\/schema\/logo\/image\/"}}]}},"_links":{"self":[{"href":"https:\/\/www.noramco.de\/index.php\/wp-json\/wp\/v2\/pages\/774","targetHints":{"allow":["GET"]}}],"collection":[{"href":"https:\/\/www.noramco.de\/index.php\/wp-json\/wp\/v2\/pages"}],"about":[{"href":"https:\/\/www.noramco.de\/index.php\/wp-json\/wp\/v2\/types\/page"}],"author":[{"embeddable":true,"href":"https:\/\/www.noramco.de\/index.php\/wp-json\/wp\/v2\/users\/1"}],"replies":[{"embeddable":true,"href":"https:\/\/www.noramco.de\/index.php\/wp-json\/wp\/v2\/comments?post=774"}],"version-history":[{"count":53,"href":"https:\/\/www.noramco.de\/index.php\/wp-json\/wp\/v2\/pages\/774\/revisions"}],"predecessor-version":[{"id":10223,"href":"https:\/\/www.noramco.de\/index.php\/wp-json\/wp\/v2\/pages\/774\/revisions\/10223"}],"wp:attachment":[{"href":"https:\/\/www.noramco.de\/index.php\/wp-json\/wp\/v2\/media?parent=774"}],"curies":[{"name":"wp","href":"https:\/\/api.w.org\/{rel}","templated":true}]}}